{"id":1070,"date":"2020-10-12T18:50:38","date_gmt":"2020-10-12T18:50:38","guid":{"rendered":"https:\/\/www.pletex.cz\/?page_id=1070"},"modified":"2020-10-23T08:28:42","modified_gmt":"2020-10-23T08:28:42","slug":"manufacture-of-hats","status":"publish","type":"page","link":"https:\/\/www.pletex.cz\/en\/knitwear-on-demand","title":{"rendered":"Manufacture of hats"},"content":{"rendered":"","protected":false},"excerpt":{"rendered":"","protected":false},"author":2,"featured_media":0,"parent":0,"menu_order":0,"comment_status":"closed","ping_status":"closed","template":"template-vyroba.php","meta":{"footnotes":""},"class_list":["post-1070","page","type-page","status-publish","hentry"],"acf":[],"yoast_head":"<!-- This site is optimized with the Yoast SEO plugin v24.6 - https:\/\/yoast.com\/wordpress\/plugins\/seo\/ -->\n<title>Manufacture of hats - Pletex<\/title>\n<meta name=\"robots\" content=\"index, follow, max-snippet:-1, max-image-preview:large, max-video-preview:-1\" \/>\n<link rel=\"canonical\" href=\"https:\/\/www.pletex.cz\/en\/knitwear-on-demand\/\" \/>\n<meta property=\"og:locale\" content=\"en_US\" \/>\n<meta property=\"og:type\" content=\"article\" \/>\n<meta property=\"og:title\" content=\"Manufacture of hats - Pletex\" \/>\n<meta property=\"og:url\" content=\"https:\/\/www.pletex.cz\/en\/knitwear-on-demand\" \/>\n<meta property=\"og:site_name\" content=\"Pletex\" \/>\n<meta property=\"article:modified_time\" content=\"2020-10-23T08:28:42+00:00\" \/>\n<meta name=\"twitter:card\" content=\"summary_large_image\" \/>\n<script type=\"application\/ld+json\" class=\"yoast-schema-graph\">{\"@context\":\"https:\/\/schema.org\",\"@graph\":[{\"@type\":\"WebPage\",\"@id\":\"https:\/\/www.pletex.cz\/en\/knitwear-on-demand\",\"url\":\"https:\/\/www.pletex.cz\/en\/knitwear-on-demand\",\"name\":\"Manufacture of hats - Pletex\",\"isPartOf\":{\"@id\":\"https:\/\/www.pletex.cz\/en\/#website\"},\"datePublished\":\"2020-10-12T18:50:38+00:00\",\"dateModified\":\"2020-10-23T08:28:42+00:00\",\"breadcrumb\":{\"@id\":\"https:\/\/www.pletex.cz\/en\/knitwear-on-demand#breadcrumb\"},\"inLanguage\":\"en-US\",\"potentialAction\":[{\"@type\":\"ReadAction\",\"target\":[\"https:\/\/www.pletex.cz\/en\/knitwear-on-demand\"]}]},{\"@type\":\"BreadcrumbList\",\"@id\":\"https:\/\/www.pletex.cz\/en\/knitwear-on-demand#breadcrumb\",\"itemListElement\":[{\"@type\":\"ListItem\",\"position\":1,\"name\":\"Dom\u016f\",\"item\":\"https:\/\/www.pletex.cz\/en\/\"},{\"@type\":\"ListItem\",\"position\":2,\"name\":\"Manufacture of hats\"}]},{\"@type\":\"WebSite\",\"@id\":\"https:\/\/www.pletex.cz\/en\/#website\",\"url\":\"https:\/\/www.pletex.cz\/en\/\",\"name\":\"Pletex\",\"description\":\"Dal\u0161\u00ed web pou\u017e\u00edvaj\u00edc\u00ed WordPress\",\"potentialAction\":[{\"@type\":\"SearchAction\",\"target\":{\"@type\":\"EntryPoint\",\"urlTemplate\":\"https:\/\/www.pletex.cz\/en\/?s={search_term_string}\"},\"query-input\":{\"@type\":\"PropertyValueSpecification\",\"valueRequired\":true,\"valueName\":\"search_term_string\"}}],\"inLanguage\":\"en-US\"}]}<\/script>\n<!-- \/ Yoast SEO plugin. -->","yoast_head_json":{"title":"Manufacture of hats - Pletex","robots":{"index":"index","follow":"follow","max-snippet":"max-snippet:-1","max-image-preview":"max-image-preview:large","max-video-preview":"max-video-preview:-1"},"canonical":"https:\/\/www.pletex.cz\/en\/knitwear-on-demand\/","og_locale":"en_US","og_type":"article","og_title":"Manufacture of hats - Pletex","og_url":"https:\/\/www.pletex.cz\/en\/knitwear-on-demand","og_site_name":"Pletex","article_modified_time":"2020-10-23T08:28:42+00:00","twitter_card":"summary_large_image","schema":{"@context":"https:\/\/schema.org","@graph":[{"@type":"WebPage","@id":"https:\/\/www.pletex.cz\/en\/knitwear-on-demand","url":"https:\/\/www.pletex.cz\/en\/knitwear-on-demand","name":"Manufacture of hats - Pletex","isPartOf":{"@id":"https:\/\/www.pletex.cz\/en\/#website"},"datePublished":"2020-10-12T18:50:38+00:00","dateModified":"2020-10-23T08:28:42+00:00","breadcrumb":{"@id":"https:\/\/www.pletex.cz\/en\/knitwear-on-demand#breadcrumb"},"inLanguage":"en-US","potentialAction":[{"@type":"ReadAction","target":["https:\/\/www.pletex.cz\/en\/knitwear-on-demand"]}]},{"@type":"BreadcrumbList","@id":"https:\/\/www.pletex.cz\/en\/knitwear-on-demand#breadcrumb","itemListElement":[{"@type":"ListItem","position":1,"name":"Dom\u016f","item":"https:\/\/www.pletex.cz\/en\/"},{"@type":"ListItem","position":2,"name":"Manufacture of hats"}]},{"@type":"WebSite","@id":"https:\/\/www.pletex.cz\/en\/#website","url":"https:\/\/www.pletex.cz\/en\/","name":"Pletex","description":"Dal\u0161\u00ed web pou\u017e\u00edvaj\u00edc\u00ed WordPress","potentialAction":[{"@type":"SearchAction","target":{"@type":"EntryPoint","urlTemplate":"https:\/\/www.pletex.cz\/en\/?s={search_term_string}"},"query-input":{"@type":"PropertyValueSpecification","valueRequired":true,"valueName":"search_term_string"}}],"inLanguage":"en-US"}]}},"_links":{"self":[{"href":"https:\/\/www.pletex.cz\/en\/wp-json\/wp\/v2\/pages\/1070","targetHints":{"allow":["GET"]}}],"collection":[{"href":"https:\/\/www.pletex.cz\/en\/wp-json\/wp\/v2\/pages"}],"about":[{"href":"https:\/\/www.pletex.cz\/en\/wp-json\/wp\/v2\/types\/page"}],"author":[{"embeddable":true,"href":"https:\/\/www.pletex.cz\/en\/wp-json\/wp\/v2\/users\/2"}],"replies":[{"embeddable":true,"href":"https:\/\/www.pletex.cz\/en\/wp-json\/wp\/v2\/comments?post=1070"}],"version-history":[{"count":6,"href":"https:\/\/www.pletex.cz\/en\/wp-json\/wp\/v2\/pages\/1070\/revisions"}],"predecessor-version":[{"id":1083,"href":"https:\/\/www.pletex.cz\/en\/wp-json\/wp\/v2\/pages\/1070\/revisions\/1083"}],"wp:attachment":[{"href":"https:\/\/www.pletex.cz\/en\/wp-json\/wp\/v2\/media?parent=1070"}],"curies":[{"name":"wp","href":"https:\/\/api.w.org\/{rel}","templated":true}]}}