{"id":523,"date":"2017-03-06T05:20:46","date_gmt":"2017-03-06T05:20:46","guid":{"rendered":"http:\/\/www.pletex.cz\/?page_id=523"},"modified":"2018-01-10T10:43:51","modified_gmt":"2018-01-10T10:43:51","slug":"about-us","status":"publish","type":"page","link":"https:\/\/www.pletex.cz\/en\/about-us\/","title":{"rendered":"About us"},"content":{"rendered":"<h2>Wholesale customers &#8211; order information<\/h2>\n<p><em>(Retail customers may please order knitwear in our e-shop <a href=\"http:\/\/www.kulichy.cz\">www.kulichy.cz<\/a>)<\/em><\/p>\n<p><strong>Minimal wholesale order volume\u00ed:<\/strong><br \/>\nThe minimal order volume of knitted hats is not really restricted. However please note that our goods are basically packed in 5 or 10 pieces per product in all possible colour combinations per package.<\/p>\n<p>However gloves and cotton hats are due to technical reasons packed per 5 pieces per single colour at a time.<\/p>\n<p><strong>Oder process:<\/strong><br \/>\nOrders can be preferably placed per email, alternatively per telephone or in written form. Furthermore we recommend to seize the oppostunity to visit us at the \u201eSTYL \/ KABO\u201c fair which is annually taking place in Brno in February. Only during this fair you will have the advantage to see our complete collection for the forthcoming winter season.<\/p>\n<p><strong>Rebates:<\/strong><\/p>\n<p>On any orders placed in February, at the STYL \/ KABO or alternatively via email\/phone, for the forthcoming winter season, a rebate of 7% is automatically granted. The payment and delivery time of ordered goods will be according to your choice.<\/p>\n<p><strong>For example, if a order is placed in February, the payment and delivery may take place in October of the same year.<\/strong><\/p>\n","protected":false},"excerpt":{"rendered":"<p>Wholesale customers &#8211; order information (Retail customers may please order knitwear in our e-shop www.kulichy.cz) Minimal wholesale order volume\u00ed: The minimal order volume of knitted hats is not really restricted. However please note that our goods are basically packed in &hellip; <a href=\"https:\/\/www.pletex.cz\/en\/about-us\/\">Continued<\/a><\/p>\n","protected":false},"author":2,"featured_media":0,"parent":0,"menu_order":0,"comment_status":"closed","ping_status":"open","template":"templates\/about-page.php","meta":{"footnotes":""},"class_list":["post-523","page","type-page","status-publish","hentry"],"acf":[],"yoast_head":"<!-- This site is optimized with the Yoast SEO plugin v24.6 - https:\/\/yoast.com\/wordpress\/plugins\/seo\/ -->\n<title>About us - Pletex<\/title>\n<meta name=\"robots\" content=\"index, follow, max-snippet:-1, max-image-preview:large, max-video-preview:-1\" \/>\n<link rel=\"canonical\" href=\"https:\/\/www.pletex.cz\/en\/about-us\/\" \/>\n<meta property=\"og:locale\" content=\"en_US\" \/>\n<meta property=\"og:type\" content=\"article\" \/>\n<meta property=\"og:title\" content=\"About us - Pletex\" \/>\n<meta property=\"og:description\" content=\"Wholesale customers &#8211; order information (Retail customers may please order knitwear in our e-shop www.kulichy.cz) Minimal wholesale order volume\u00ed: The minimal order volume of knitted hats is not really restricted. However please note that our goods are basically packed in &hellip; Continued\" \/>\n<meta property=\"og:url\" content=\"https:\/\/www.pletex.cz\/en\/about-us\/\" \/>\n<meta property=\"og:site_name\" content=\"Pletex\" \/>\n<meta property=\"article:modified_time\" content=\"2018-01-10T10:43:51+00:00\" \/>\n<meta name=\"twitter:card\" content=\"summary_large_image\" \/>\n<meta name=\"twitter:label1\" content=\"Est. reading time\" \/>\n\t<meta name=\"twitter:data1\" content=\"1 minute\" \/>\n<script type=\"application\/ld+json\" class=\"yoast-schema-graph\">{\"@context\":\"https:\/\/schema.org\",\"@graph\":[{\"@type\":\"WebPage\",\"@id\":\"https:\/\/www.pletex.cz\/en\/about-us\/\",\"url\":\"https:\/\/www.pletex.cz\/en\/about-us\/\",\"name\":\"About us - Pletex\",\"isPartOf\":{\"@id\":\"https:\/\/www.pletex.cz\/en\/#website\"},\"datePublished\":\"2017-03-06T05:20:46+00:00\",\"dateModified\":\"2018-01-10T10:43:51+00:00\",\"breadcrumb\":{\"@id\":\"https:\/\/www.pletex.cz\/en\/about-us\/#breadcrumb\"},\"inLanguage\":\"en-US\",\"potentialAction\":[{\"@type\":\"ReadAction\",\"target\":[\"https:\/\/www.pletex.cz\/en\/about-us\/\"]}]},{\"@type\":\"BreadcrumbList\",\"@id\":\"https:\/\/www.pletex.cz\/en\/about-us\/#breadcrumb\",\"itemListElement\":[{\"@type\":\"ListItem\",\"position\":1,\"name\":\"Dom\u016f\",\"item\":\"https:\/\/www.pletex.cz\/en\/\"},{\"@type\":\"ListItem\",\"position\":2,\"name\":\"About us\"}]},{\"@type\":\"WebSite\",\"@id\":\"https:\/\/www.pletex.cz\/en\/#website\",\"url\":\"https:\/\/www.pletex.cz\/en\/\",\"name\":\"Pletex\",\"description\":\"Dal\u0161\u00ed web pou\u017e\u00edvaj\u00edc\u00ed WordPress\",\"potentialAction\":[{\"@type\":\"SearchAction\",\"target\":{\"@type\":\"EntryPoint\",\"urlTemplate\":\"https:\/\/www.pletex.cz\/en\/?s={search_term_string}\"},\"query-input\":{\"@type\":\"PropertyValueSpecification\",\"valueRequired\":true,\"valueName\":\"search_term_string\"}}],\"inLanguage\":\"en-US\"}]}<\/script>\n<!-- \/ Yoast SEO plugin. -->","yoast_head_json":{"title":"About us - Pletex","robots":{"index":"index","follow":"follow","max-snippet":"max-snippet:-1","max-image-preview":"max-image-preview:large","max-video-preview":"max-video-preview:-1"},"canonical":"https:\/\/www.pletex.cz\/en\/about-us\/","og_locale":"en_US","og_type":"article","og_title":"About us - Pletex","og_description":"Wholesale customers &#8211; order information (Retail customers may please order knitwear in our e-shop www.kulichy.cz) Minimal wholesale order volume\u00ed: The minimal order volume of knitted hats is not really restricted. However please note that our goods are basically packed in &hellip; Continued","og_url":"https:\/\/www.pletex.cz\/en\/about-us\/","og_site_name":"Pletex","article_modified_time":"2018-01-10T10:43:51+00:00","twitter_card":"summary_large_image","twitter_misc":{"Est. reading time":"1 minute"},"schema":{"@context":"https:\/\/schema.org","@graph":[{"@type":"WebPage","@id":"https:\/\/www.pletex.cz\/en\/about-us\/","url":"https:\/\/www.pletex.cz\/en\/about-us\/","name":"About us - Pletex","isPartOf":{"@id":"https:\/\/www.pletex.cz\/en\/#website"},"datePublished":"2017-03-06T05:20:46+00:00","dateModified":"2018-01-10T10:43:51+00:00","breadcrumb":{"@id":"https:\/\/www.pletex.cz\/en\/about-us\/#breadcrumb"},"inLanguage":"en-US","potentialAction":[{"@type":"ReadAction","target":["https:\/\/www.pletex.cz\/en\/about-us\/"]}]},{"@type":"BreadcrumbList","@id":"https:\/\/www.pletex.cz\/en\/about-us\/#breadcrumb","itemListElement":[{"@type":"ListItem","position":1,"name":"Dom\u016f","item":"https:\/\/www.pletex.cz\/en\/"},{"@type":"ListItem","position":2,"name":"About us"}]},{"@type":"WebSite","@id":"https:\/\/www.pletex.cz\/en\/#website","url":"https:\/\/www.pletex.cz\/en\/","name":"Pletex","description":"Dal\u0161\u00ed web pou\u017e\u00edvaj\u00edc\u00ed WordPress","potentialAction":[{"@type":"SearchAction","target":{"@type":"EntryPoint","urlTemplate":"https:\/\/www.pletex.cz\/en\/?s={search_term_string}"},"query-input":{"@type":"PropertyValueSpecification","valueRequired":true,"valueName":"search_term_string"}}],"inLanguage":"en-US"}]}},"_links":{"self":[{"href":"https:\/\/www.pletex.cz\/en\/wp-json\/wp\/v2\/pages\/523","targetHints":{"allow":["GET"]}}],"collection":[{"href":"https:\/\/www.pletex.cz\/en\/wp-json\/wp\/v2\/pages"}],"about":[{"href":"https:\/\/www.pletex.cz\/en\/wp-json\/wp\/v2\/types\/page"}],"author":[{"embeddable":true,"href":"https:\/\/www.pletex.cz\/en\/wp-json\/wp\/v2\/users\/2"}],"replies":[{"embeddable":true,"href":"https:\/\/www.pletex.cz\/en\/wp-json\/wp\/v2\/comments?post=523"}],"version-history":[{"count":6,"href":"https:\/\/www.pletex.cz\/en\/wp-json\/wp\/v2\/pages\/523\/revisions"}],"predecessor-version":[{"id":562,"href":"https:\/\/www.pletex.cz\/en\/wp-json\/wp\/v2\/pages\/523\/revisions\/562"}],"wp:attachment":[{"href":"https:\/\/www.pletex.cz\/en\/wp-json\/wp\/v2\/media?parent=523"}],"curies":[{"name":"wp","href":"https:\/\/api.w.org\/{rel}","templated":true}]}}