{"id":530,"date":"2017-03-06T05:44:51","date_gmt":"2017-03-06T05:44:51","guid":{"rendered":"http:\/\/www.pletex.cz\/?page_id=530\/"},"modified":"2017-11-16T07:40:51","modified_gmt":"2017-11-16T07:40:51","slug":"pletex-knitwear","status":"publish","type":"page","link":"https:\/\/www.pletex.cz\/en\/","title":{"rendered":"Knitted hats \u2022 scarfs \u2022 head bands \u2022 gloves"},"content":{"rendered":"<p>Our newest collections comprises exclusive knitted hats, scarfs, head bands, gloves and various knitted assecories. All in various colour combination and sizes..<\/p>\n<h4>We produce knitwear since 1993.<\/h4>\n<p>All knitted goods are produced in our factory in Trebic where only certified matrials of highest quality and newest technology are used. All is geared to produce comfortable and elegant knitwear for everyday use.<\/p>\n<hr \/>\n<p>Are you looking for<strong> knitwear for your store<\/strong>?<br \/>\nDo you need <strong>knitted hats or scarfs<\/strong> for your business or sports club?<br \/>\nDo you just want to <strong>buy a new hat<\/strong> for yourself in our <a href=\"http:\/\/www.kulichy.cz\/\">e-shop<\/a>?<\/p>\n<h4><strong>Well, you have found us. Have a look at our wide collection.<\/strong><\/h4>\n","protected":false},"excerpt":{"rendered":"<p>Our newest collections comprises exclusive knitted hats, scarfs, head bands, gloves and various knitted assecories. All in various colour combination and sizes.. We produce knitwear since 1993. All knitted goods are produced in our factory in Trebic where only certified &hellip; <a href=\"https:\/\/www.pletex.cz\/en\/\">Continued<\/a><\/p>\n","protected":false},"author":2,"featured_media":0,"parent":0,"menu_order":-1,"comment_status":"closed","ping_status":"open","template":"","meta":{"footnotes":""},"class_list":["post-530","page","type-page","status-publish","hentry"],"acf":[],"yoast_head":"<!-- This site is optimized with the Yoast SEO plugin v24.6 - https:\/\/yoast.com\/wordpress\/plugins\/seo\/ -->\n<title>Knitted hats \u2022 scarfs \u2022 head bands \u2022 gloves - Pletex<\/title>\n<meta name=\"robots\" content=\"index, follow, max-snippet:-1, max-image-preview:large, max-video-preview:-1\" \/>\n<link rel=\"canonical\" href=\"https:\/\/www.pletex.cz\/en\/\" \/>\n<meta property=\"og:locale\" content=\"en_US\" \/>\n<meta property=\"og:type\" content=\"article\" \/>\n<meta property=\"og:title\" content=\"Knitted hats \u2022 scarfs \u2022 head bands \u2022 gloves - Pletex\" \/>\n<meta property=\"og:description\" content=\"Our newest collections comprises exclusive knitted hats, scarfs, head bands, gloves and various knitted assecories. All in various colour combination and sizes.. We produce knitwear since 1993. All knitted goods are produced in our factory in Trebic where only certified &hellip; Continued\" \/>\n<meta property=\"og:url\" content=\"https:\/\/www.pletex.cz\/en\/\" \/>\n<meta property=\"og:site_name\" content=\"Pletex\" \/>\n<meta property=\"article:modified_time\" content=\"2017-11-16T07:40:51+00:00\" \/>\n<meta name=\"twitter:card\" content=\"summary_large_image\" \/>\n<meta name=\"twitter:label1\" content=\"Est. reading time\" \/>\n\t<meta name=\"twitter:data1\" content=\"1 minute\" \/>\n<script type=\"application\/ld+json\" class=\"yoast-schema-graph\">{\"@context\":\"https:\/\/schema.org\",\"@graph\":[{\"@type\":\"WebPage\",\"@id\":\"https:\/\/www.pletex.cz\/en\/\",\"url\":\"https:\/\/www.pletex.cz\/en\/\",\"name\":\"Knitted hats \u2022 scarfs \u2022 head bands \u2022 gloves - Pletex\",\"isPartOf\":{\"@id\":\"https:\/\/www.pletex.cz\/en\/#website\"},\"datePublished\":\"2017-03-06T05:44:51+00:00\",\"dateModified\":\"2017-11-16T07:40:51+00:00\",\"breadcrumb\":{\"@id\":\"https:\/\/www.pletex.cz\/en\/#breadcrumb\"},\"inLanguage\":\"en-US\",\"potentialAction\":[{\"@type\":\"ReadAction\",\"target\":[\"https:\/\/www.pletex.cz\/en\/\"]}]},{\"@type\":\"BreadcrumbList\",\"@id\":\"https:\/\/www.pletex.cz\/en\/#breadcrumb\",\"itemListElement\":[{\"@type\":\"ListItem\",\"position\":1,\"name\":\"Dom\u016f\",\"item\":\"https:\/\/www.pletex.cz\/en\/\"},{\"@type\":\"ListItem\",\"position\":2,\"name\":\"Knitted hats \u2022 scarfs \u2022 head bands \u2022 gloves\"}]},{\"@type\":\"WebSite\",\"@id\":\"https:\/\/www.pletex.cz\/en\/#website\",\"url\":\"https:\/\/www.pletex.cz\/en\/\",\"name\":\"Pletex\",\"description\":\"Dal\u0161\u00ed web pou\u017e\u00edvaj\u00edc\u00ed WordPress\",\"potentialAction\":[{\"@type\":\"SearchAction\",\"target\":{\"@type\":\"EntryPoint\",\"urlTemplate\":\"https:\/\/www.pletex.cz\/en\/?s={search_term_string}\"},\"query-input\":{\"@type\":\"PropertyValueSpecification\",\"valueRequired\":true,\"valueName\":\"search_term_string\"}}],\"inLanguage\":\"en-US\"}]}<\/script>\n<!-- \/ Yoast SEO plugin. -->","yoast_head_json":{"title":"Knitted hats \u2022 scarfs \u2022 head bands \u2022 gloves - Pletex","robots":{"index":"index","follow":"follow","max-snippet":"max-snippet:-1","max-image-preview":"max-image-preview:large","max-video-preview":"max-video-preview:-1"},"canonical":"https:\/\/www.pletex.cz\/en\/","og_locale":"en_US","og_type":"article","og_title":"Knitted hats \u2022 scarfs \u2022 head bands \u2022 gloves - Pletex","og_description":"Our newest collections comprises exclusive knitted hats, scarfs, head bands, gloves and various knitted assecories. All in various colour combination and sizes.. We produce knitwear since 1993. All knitted goods are produced in our factory in Trebic where only certified &hellip; Continued","og_url":"https:\/\/www.pletex.cz\/en\/","og_site_name":"Pletex","article_modified_time":"2017-11-16T07:40:51+00:00","twitter_card":"summary_large_image","twitter_misc":{"Est. reading time":"1 minute"},"schema":{"@context":"https:\/\/schema.org","@graph":[{"@type":"WebPage","@id":"https:\/\/www.pletex.cz\/en\/","url":"https:\/\/www.pletex.cz\/en\/","name":"Knitted hats \u2022 scarfs \u2022 head bands \u2022 gloves - Pletex","isPartOf":{"@id":"https:\/\/www.pletex.cz\/en\/#website"},"datePublished":"2017-03-06T05:44:51+00:00","dateModified":"2017-11-16T07:40:51+00:00","breadcrumb":{"@id":"https:\/\/www.pletex.cz\/en\/#breadcrumb"},"inLanguage":"en-US","potentialAction":[{"@type":"ReadAction","target":["https:\/\/www.pletex.cz\/en\/"]}]},{"@type":"BreadcrumbList","@id":"https:\/\/www.pletex.cz\/en\/#breadcrumb","itemListElement":[{"@type":"ListItem","position":1,"name":"Dom\u016f","item":"https:\/\/www.pletex.cz\/en\/"},{"@type":"ListItem","position":2,"name":"Knitted hats \u2022 scarfs \u2022 head bands \u2022 gloves"}]},{"@type":"WebSite","@id":"https:\/\/www.pletex.cz\/en\/#website","url":"https:\/\/www.pletex.cz\/en\/","name":"Pletex","description":"Dal\u0161\u00ed web pou\u017e\u00edvaj\u00edc\u00ed WordPress","potentialAction":[{"@type":"SearchAction","target":{"@type":"EntryPoint","urlTemplate":"https:\/\/www.pletex.cz\/en\/?s={search_term_string}"},"query-input":{"@type":"PropertyValueSpecification","valueRequired":true,"valueName":"search_term_string"}}],"inLanguage":"en-US"}]}},"_links":{"self":[{"href":"https:\/\/www.pletex.cz\/en\/wp-json\/wp\/v2\/pages\/530","targetHints":{"allow":["GET"]}}],"collection":[{"href":"https:\/\/www.pletex.cz\/en\/wp-json\/wp\/v2\/pages"}],"about":[{"href":"https:\/\/www.pletex.cz\/en\/wp-json\/wp\/v2\/types\/page"}],"author":[{"embeddable":true,"href":"https:\/\/www.pletex.cz\/en\/wp-json\/wp\/v2\/users\/2"}],"replies":[{"embeddable":true,"href":"https:\/\/www.pletex.cz\/en\/wp-json\/wp\/v2\/comments?post=530"}],"version-history":[{"count":3,"href":"https:\/\/www.pletex.cz\/en\/wp-json\/wp\/v2\/pages\/530\/revisions"}],"predecessor-version":[{"id":550,"href":"https:\/\/www.pletex.cz\/en\/wp-json\/wp\/v2\/pages\/530\/revisions\/550"}],"wp:attachment":[{"href":"https:\/\/www.pletex.cz\/en\/wp-json\/wp\/v2\/media?parent=530"}],"curies":[{"name":"wp","href":"https:\/\/api.w.org\/{rel}","templated":true}]}}