{"id":878,"date":"2015-09-18T09:14:41","date_gmt":"2015-09-18T09:14:41","guid":{"rendered":"https:\/\/www.pletex.cz\/klobouky\/"},"modified":"2015-09-18T09:14:41","modified_gmt":"2015-09-18T09:14:41","slug":"klobouky","status":"publish","type":"page","link":"https:\/\/www.pletex.cz\/sk\/klobouky","title":{"rendered":"Pleten\u00e9 klobouky"},"content":{"rendered":"<h4><strong>NOV\u00c9 KLOBOUKY PLETEX<\/strong><\/h4>\n<p>P\u0159edstavujeme V\u00e1m <strong>novinku<\/strong> na\u0161\u00ed kolekce <strong>PLETEX 2015<\/strong>. <strong>Pleten\u00e9 klobouky<\/strong> v n\u011bkolika proveden\u00edch a mnoha barevn\u00fdch kombinac\u00edch. Klobouky maj\u00ed zpevn\u011bn\u00fd kraj krempy. Velikost je <strong>univerz\u00e1ln\u00ed<\/strong> &#8211; pru\u017en\u00e1, p\u0159izp\u016fsob\u00ed se obvodu hlavy.<\/p>\n<figure id=\"attachment_450\" class=\"thumbnail wp-caption alignleft\" style=\"width: 1034px\"><img loading=\"lazy\" decoding=\"async\" class=\"wp-image-450 size-large\" src=\"https:\/\/www.pletex.cz\/wp-content\/uploads\/2015\/09\/L410-1024x768.jpg\" alt=\"Klobouky PLETEX L410\" width=\"1024\" height=\"768\" \/><figcaption class=\"caption wp-caption-text\">Pleten\u00fd klobouk PLETEX L410<\/figcaption><\/figure>\n<figure id=\"attachment_451\" class=\"thumbnail wp-caption alignleft\" style=\"width: 1034px\"><img loading=\"lazy\" decoding=\"async\" class=\"wp-image-451 size-large\" src=\"https:\/\/www.pletex.cz\/wp-content\/uploads\/2015\/09\/L413-1024x768.jpg\" alt=\"Klobouk PLETEX L413\" width=\"1024\" height=\"768\" \/><figcaption class=\"caption wp-caption-text\">Pleten\u00fd klobouk PLETEX L413<\/figcaption><\/figure>\n<figure id=\"attachment_452\" class=\"thumbnail wp-caption alignleft\" style=\"width: 1034px\"><img loading=\"lazy\" decoding=\"async\" class=\"wp-image-452 size-large\" src=\"https:\/\/www.pletex.cz\/wp-content\/uploads\/2015\/09\/L414-1-6-1024x768.jpg\" alt=\"Klobouky PLETEX L414-1-6\" width=\"1024\" height=\"768\" \/><figcaption class=\"caption wp-caption-text\">Pleten\u00fd klobouk PLETEX L414a<\/figcaption><\/figure>\n<figure id=\"attachment_453\" class=\"thumbnail wp-caption alignnone\" style=\"width: 1034px\"><img loading=\"lazy\" decoding=\"async\" class=\"wp-image-453 size-large\" src=\"https:\/\/www.pletex.cz\/wp-content\/uploads\/2015\/09\/L414-7-12-1024x768.jpg\" alt=\"Klobouky PLETEX L414-7-12\" width=\"1024\" height=\"768\" \/><figcaption class=\"caption wp-caption-text\">Pleten\u00fd klobouk PLETEX L414 b<\/figcaption><\/figure>\n<figure id=\"attachment_454\" class=\"thumbnail wp-caption alignleft\" style=\"width: 1034px\"><img loading=\"lazy\" decoding=\"async\" class=\"wp-image-454 size-large\" src=\"https:\/\/www.pletex.cz\/wp-content\/uploads\/2015\/09\/L415-1024x768.jpg\" alt=\"Klobouk PLETEX L415\" width=\"1024\" height=\"768\" \/><figcaption class=\"caption wp-caption-text\">Pleten\u00fd klobouk PLETEX L415<\/figcaption><\/figure>\n<figure id=\"attachment_455\" class=\"thumbnail wp-caption alignleft\" style=\"width: 1034px\"><img loading=\"lazy\" decoding=\"async\" class=\"wp-image-455 size-large\" src=\"https:\/\/www.pletex.cz\/wp-content\/uploads\/2015\/09\/L418-1-6-1024x768.jpg\" alt=\"Klobouk PLETEX L418-1-6\" width=\"1024\" height=\"768\" \/><figcaption class=\"caption wp-caption-text\">Pleten\u00fd klobouk PLETEX L418 a<\/figcaption><\/figure>\n<figure id=\"attachment_456\" class=\"thumbnail wp-caption alignleft\" style=\"width: 1034px\"><img loading=\"lazy\" decoding=\"async\" class=\"wp-image-456 size-large\" src=\"https:\/\/www.pletex.cz\/wp-content\/uploads\/2015\/09\/L418-7-12-1024x768.jpg\" alt=\"Pleten\u00fd klobouk PLETEXL418-7-12\" width=\"1024\" height=\"768\" \/><figcaption class=\"caption wp-caption-text\">Pleten\u00fd klobouk PLETEX L418 b<\/figcaption><\/figure>\n<figure id=\"attachment_457\" class=\"thumbnail wp-caption alignleft\" style=\"width: 1034px\"><img loading=\"lazy\" decoding=\"async\" class=\"wp-image-457 size-large\" src=\"https:\/\/www.pletex.cz\/wp-content\/uploads\/2015\/09\/L418-13-18-1024x768.jpg\" alt=\"Pleten\u00fd klobouk PLETEX L418-13-18\" width=\"1024\" height=\"768\" \/><figcaption class=\"caption wp-caption-text\">Pleten\u00fd klobouk PLETEX L418 c<\/figcaption><\/figure>\n<figure id=\"attachment_458\" class=\"thumbnail wp-caption alignleft\" style=\"width: 1034px\"><img loading=\"lazy\" decoding=\"async\" class=\"wp-image-458 size-large\" src=\"https:\/\/www.pletex.cz\/wp-content\/uploads\/2015\/09\/L418-19-1024x768.jpg\" alt=\"Pleten\u00fd klobouk PLETEX L418-19\" width=\"1024\" height=\"768\" \/><figcaption class=\"caption wp-caption-text\">Pleten\u00fd klobouk PLETEX L418 d<\/figcaption><\/figure>\n<p>&nbsp;<\/p>\n<p>&nbsp;<\/p>\n<p>&nbsp;<\/p>\n<p><a href=\"https:\/\/www.pletex.cz\/wp-content\/uploads\/2015\/09\/L418-13-18-e1442563915153.jpg\"><br \/>\n<\/a><\/p>\n","protected":false},"excerpt":{"rendered":"<p>NOV\u00c9 KLOBOUKY PLETEX P\u0159edstavujeme V\u00e1m novinku na\u0161\u00ed kolekce PLETEX 2015. Pleten\u00e9 klobouky v n\u011bkolika proveden\u00edch a mnoha barevn\u00fdch kombinac\u00edch. Klobouky maj\u00ed zpevn\u011bn\u00fd kraj krempy. Velikost je univerz\u00e1ln\u00ed &#8211; pru\u017en\u00e1, p\u0159izp\u016fsob\u00ed se obvodu hlavy. &nbsp; &nbsp; &nbsp;<\/p>\n","protected":false},"author":3,"featured_media":0,"parent":0,"menu_order":0,"comment_status":"closed","ping_status":"open","template":"","meta":{"footnotes":""},"class_list":["post-878","page","type-page","status-publish","hentry"],"acf":[],"yoast_head":"<!-- This site is optimized with the Yoast SEO plugin v24.6 - https:\/\/yoast.com\/wordpress\/plugins\/seo\/ -->\n<title>Pleten\u00e9 klobouky<\/title>\n<meta name=\"description\" content=\"Pleten\u00e9 klobouky - novinka v kolekci pleten\u00fdch v\u00fdrobk\u016f \u010desk\u00e9 pleta\u0159sk\u00e9 firmy PLETEX T\u0159eb\u00ed\u010d. Mnoho barevn\u00fdch proveden\u00ed v univerz\u00e1ln\u00ed velikosti.\" \/>\n<meta name=\"robots\" content=\"index, follow, max-snippet:-1, max-image-preview:large, max-video-preview:-1\" \/>\n<link rel=\"canonical\" href=\"https:\/\/www.pletex.cz\/sk\/klobouky\/\" \/>\n<meta property=\"og:locale\" content=\"sk_SK\" \/>\n<meta property=\"og:type\" content=\"article\" \/>\n<meta property=\"og:title\" content=\"Pleten\u00e9 klobouky\" \/>\n<meta property=\"og:description\" content=\"Pleten\u00e9 klobouky - novinka v kolekci pleten\u00fdch v\u00fdrobk\u016f \u010desk\u00e9 pleta\u0159sk\u00e9 firmy PLETEX T\u0159eb\u00ed\u010d. Mnoho barevn\u00fdch proveden\u00ed v univerz\u00e1ln\u00ed velikosti.\" \/>\n<meta property=\"og:url\" content=\"https:\/\/www.pletex.cz\/sk\/klobouky\" \/>\n<meta property=\"og:site_name\" content=\"Pletex\" \/>\n<meta property=\"og:image\" content=\"https:\/\/www.pletex.cz\/wp-content\/uploads\/2015\/09\/L410-e1442563747449.jpg\" \/>\n\t<meta property=\"og:image:width\" content=\"1200\" \/>\n\t<meta property=\"og:image:height\" content=\"900\" \/>\n\t<meta property=\"og:image:type\" content=\"image\/jpeg\" \/>\n<meta name=\"twitter:card\" content=\"summary_large_image\" \/>\n<meta name=\"twitter:label1\" content=\"Predpokladan\u00fd \u010das \u010d\u00edtania\" \/>\n\t<meta name=\"twitter:data1\" content=\"1 min\u00fata\" \/>\n<script type=\"application\/ld+json\" class=\"yoast-schema-graph\">{\"@context\":\"https:\/\/schema.org\",\"@graph\":[{\"@type\":\"WebPage\",\"@id\":\"https:\/\/www.pletex.cz\/sk\/klobouky\",\"url\":\"https:\/\/www.pletex.cz\/sk\/klobouky\",\"name\":\"Pleten\u00e9 klobouky\",\"isPartOf\":{\"@id\":\"https:\/\/www.pletex.cz\/sk\/#website\"},\"primaryImageOfPage\":{\"@id\":\"https:\/\/www.pletex.cz\/sk\/klobouky#primaryimage\"},\"image\":{\"@id\":\"https:\/\/www.pletex.cz\/sk\/klobouky#primaryimage\"},\"thumbnailUrl\":\"https:\/\/www.pletex.cz\/wp-content\/uploads\/2015\/09\/L410-1024x768.jpg\",\"datePublished\":\"2015-09-18T09:14:41+00:00\",\"description\":\"Pleten\u00e9 klobouky - novinka v kolekci pleten\u00fdch v\u00fdrobk\u016f \u010desk\u00e9 pleta\u0159sk\u00e9 firmy PLETEX T\u0159eb\u00ed\u010d. Mnoho barevn\u00fdch proveden\u00ed v univerz\u00e1ln\u00ed velikosti.\",\"breadcrumb\":{\"@id\":\"https:\/\/www.pletex.cz\/sk\/klobouky#breadcrumb\"},\"inLanguage\":\"sk-SK\",\"potentialAction\":[{\"@type\":\"ReadAction\",\"target\":[\"https:\/\/www.pletex.cz\/sk\/klobouky\"]}]},{\"@type\":\"ImageObject\",\"inLanguage\":\"sk-SK\",\"@id\":\"https:\/\/www.pletex.cz\/sk\/klobouky#primaryimage\",\"url\":\"https:\/\/www.pletex.cz\/wp-content\/uploads\/2015\/09\/L410-1024x768.jpg\",\"contentUrl\":\"https:\/\/www.pletex.cz\/wp-content\/uploads\/2015\/09\/L410-1024x768.jpg\"},{\"@type\":\"BreadcrumbList\",\"@id\":\"https:\/\/www.pletex.cz\/sk\/klobouky#breadcrumb\",\"itemListElement\":[{\"@type\":\"ListItem\",\"position\":1,\"name\":\"Dom\u016f\",\"item\":\"https:\/\/www.pletex.cz\/sk\/\"},{\"@type\":\"ListItem\",\"position\":2,\"name\":\"Pleten\u00e9 klobouky\"}]},{\"@type\":\"WebSite\",\"@id\":\"https:\/\/www.pletex.cz\/sk\/#website\",\"url\":\"https:\/\/www.pletex.cz\/sk\/\",\"name\":\"Pletex\",\"description\":\"Dal\u0161\u00ed web pou\u017e\u00edvaj\u00edc\u00ed WordPress\",\"potentialAction\":[{\"@type\":\"SearchAction\",\"target\":{\"@type\":\"EntryPoint\",\"urlTemplate\":\"https:\/\/www.pletex.cz\/sk\/?s={search_term_string}\"},\"query-input\":{\"@type\":\"PropertyValueSpecification\",\"valueRequired\":true,\"valueName\":\"search_term_string\"}}],\"inLanguage\":\"sk-SK\"}]}<\/script>\n<!-- \/ Yoast SEO plugin. -->","yoast_head_json":{"title":"Pleten\u00e9 klobouky","description":"Pleten\u00e9 klobouky - novinka v kolekci pleten\u00fdch v\u00fdrobk\u016f \u010desk\u00e9 pleta\u0159sk\u00e9 firmy PLETEX T\u0159eb\u00ed\u010d. Mnoho barevn\u00fdch proveden\u00ed v univerz\u00e1ln\u00ed velikosti.","robots":{"index":"index","follow":"follow","max-snippet":"max-snippet:-1","max-image-preview":"max-image-preview:large","max-video-preview":"max-video-preview:-1"},"canonical":"https:\/\/www.pletex.cz\/sk\/klobouky\/","og_locale":"sk_SK","og_type":"article","og_title":"Pleten\u00e9 klobouky","og_description":"Pleten\u00e9 klobouky - novinka v kolekci pleten\u00fdch v\u00fdrobk\u016f \u010desk\u00e9 pleta\u0159sk\u00e9 firmy PLETEX T\u0159eb\u00ed\u010d. Mnoho barevn\u00fdch proveden\u00ed v univerz\u00e1ln\u00ed velikosti.","og_url":"https:\/\/www.pletex.cz\/sk\/klobouky","og_site_name":"Pletex","og_image":[{"width":1200,"height":900,"url":"https:\/\/www.pletex.cz\/wp-content\/uploads\/2015\/09\/L410-e1442563747449.jpg","type":"image\/jpeg"}],"twitter_card":"summary_large_image","twitter_misc":{"Predpokladan\u00fd \u010das \u010d\u00edtania":"1 min\u00fata"},"schema":{"@context":"https:\/\/schema.org","@graph":[{"@type":"WebPage","@id":"https:\/\/www.pletex.cz\/sk\/klobouky","url":"https:\/\/www.pletex.cz\/sk\/klobouky","name":"Pleten\u00e9 klobouky","isPartOf":{"@id":"https:\/\/www.pletex.cz\/sk\/#website"},"primaryImageOfPage":{"@id":"https:\/\/www.pletex.cz\/sk\/klobouky#primaryimage"},"image":{"@id":"https:\/\/www.pletex.cz\/sk\/klobouky#primaryimage"},"thumbnailUrl":"https:\/\/www.pletex.cz\/wp-content\/uploads\/2015\/09\/L410-1024x768.jpg","datePublished":"2015-09-18T09:14:41+00:00","description":"Pleten\u00e9 klobouky - novinka v kolekci pleten\u00fdch v\u00fdrobk\u016f \u010desk\u00e9 pleta\u0159sk\u00e9 firmy PLETEX T\u0159eb\u00ed\u010d. Mnoho barevn\u00fdch proveden\u00ed v univerz\u00e1ln\u00ed velikosti.","breadcrumb":{"@id":"https:\/\/www.pletex.cz\/sk\/klobouky#breadcrumb"},"inLanguage":"sk-SK","potentialAction":[{"@type":"ReadAction","target":["https:\/\/www.pletex.cz\/sk\/klobouky"]}]},{"@type":"ImageObject","inLanguage":"sk-SK","@id":"https:\/\/www.pletex.cz\/sk\/klobouky#primaryimage","url":"https:\/\/www.pletex.cz\/wp-content\/uploads\/2015\/09\/L410-1024x768.jpg","contentUrl":"https:\/\/www.pletex.cz\/wp-content\/uploads\/2015\/09\/L410-1024x768.jpg"},{"@type":"BreadcrumbList","@id":"https:\/\/www.pletex.cz\/sk\/klobouky#breadcrumb","itemListElement":[{"@type":"ListItem","position":1,"name":"Dom\u016f","item":"https:\/\/www.pletex.cz\/sk\/"},{"@type":"ListItem","position":2,"name":"Pleten\u00e9 klobouky"}]},{"@type":"WebSite","@id":"https:\/\/www.pletex.cz\/sk\/#website","url":"https:\/\/www.pletex.cz\/sk\/","name":"Pletex","description":"Dal\u0161\u00ed web pou\u017e\u00edvaj\u00edc\u00ed WordPress","potentialAction":[{"@type":"SearchAction","target":{"@type":"EntryPoint","urlTemplate":"https:\/\/www.pletex.cz\/sk\/?s={search_term_string}"},"query-input":{"@type":"PropertyValueSpecification","valueRequired":true,"valueName":"search_term_string"}}],"inLanguage":"sk-SK"}]}},"_links":{"self":[{"href":"https:\/\/www.pletex.cz\/sk\/wp-json\/wp\/v2\/pages\/878","targetHints":{"allow":["GET"]}}],"collection":[{"href":"https:\/\/www.pletex.cz\/sk\/wp-json\/wp\/v2\/pages"}],"about":[{"href":"https:\/\/www.pletex.cz\/sk\/wp-json\/wp\/v2\/types\/page"}],"author":[{"embeddable":true,"href":"https:\/\/www.pletex.cz\/sk\/wp-json\/wp\/v2\/users\/3"}],"replies":[{"embeddable":true,"href":"https:\/\/www.pletex.cz\/sk\/wp-json\/wp\/v2\/comments?post=878"}],"version-history":[{"count":1,"href":"https:\/\/www.pletex.cz\/sk\/wp-json\/wp\/v2\/pages\/878\/revisions"}],"predecessor-version":[{"id":905,"href":"https:\/\/www.pletex.cz\/sk\/wp-json\/wp\/v2\/pages\/878\/revisions\/905"}],"wp:attachment":[{"href":"https:\/\/www.pletex.cz\/sk\/wp-json\/wp\/v2\/media?parent=878"}],"curies":[{"name":"wp","href":"https:\/\/api.w.org\/{rel}","templated":true}]}}