{"id":880,"date":"2015-04-27T08:17:39","date_gmt":"2015-04-27T08:17:39","guid":{"rendered":"https:\/\/www.pletex.cz\/kontakty\/"},"modified":"2020-07-31T09:32:25","modified_gmt":"2020-07-31T09:32:25","slug":"kontakty","status":"publish","type":"page","link":"https:\/\/www.pletex.cz\/sk\/kontakty\/","title":{"rendered":"Kontakty"},"content":{"rendered":"","protected":false},"excerpt":{"rendered":"","protected":false},"author":1,"featured_media":0,"parent":0,"menu_order":0,"comment_status":"closed","ping_status":"open","template":"templates\/contact.php","meta":{"footnotes":""},"class_list":["post-880","page","type-page","status-publish","hentry"],"acf":[],"yoast_head":"<!-- This site is optimized with the Yoast SEO plugin v24.6 - https:\/\/yoast.com\/wordpress\/plugins\/seo\/ -->\n<title>Kontakty - Pletex<\/title>\n<meta name=\"description\" content=\"Kontaktn\u00ed \u00fadaje na \u010desk\u00e9ho v\u00fdrobce pleten\u00fdch \u010depic, firmu PLETEX s.r.o. Pot\u0159ebujete vyrobit \u010depice nebo \u0161\u00e1ly? Napi\u0161te n\u00e1m, r\u00e1di V\u00e1m zpracujeme nab\u00eddku.\" \/>\n<meta name=\"robots\" content=\"index, follow, max-snippet:-1, max-image-preview:large, max-video-preview:-1\" \/>\n<link rel=\"canonical\" href=\"https:\/\/www.pletex.cz\/sk\/kontakty\/\" \/>\n<meta property=\"og:locale\" content=\"sk_SK\" \/>\n<meta property=\"og:type\" content=\"article\" \/>\n<meta property=\"og:title\" content=\"Kontakty - Pletex\" \/>\n<meta property=\"og:description\" content=\"Kontaktn\u00ed \u00fadaje na \u010desk\u00e9ho v\u00fdrobce pleten\u00fdch \u010depic, firmu PLETEX s.r.o. Pot\u0159ebujete vyrobit \u010depice nebo \u0161\u00e1ly? Napi\u0161te n\u00e1m, r\u00e1di V\u00e1m zpracujeme nab\u00eddku.\" \/>\n<meta property=\"og:url\" content=\"https:\/\/www.pletex.cz\/sk\/kontakty\/\" \/>\n<meta property=\"og:site_name\" content=\"Pletex\" \/>\n<meta property=\"article:modified_time\" content=\"2020-07-31T09:32:25+00:00\" \/>\n<meta name=\"twitter:card\" content=\"summary_large_image\" \/>\n<script type=\"application\/ld+json\" class=\"yoast-schema-graph\">{\"@context\":\"https:\/\/schema.org\",\"@graph\":[{\"@type\":\"WebPage\",\"@id\":\"https:\/\/www.pletex.cz\/sk\/kontakty\/\",\"url\":\"https:\/\/www.pletex.cz\/sk\/kontakty\/\",\"name\":\"Kontakty - Pletex\",\"isPartOf\":{\"@id\":\"https:\/\/www.pletex.cz\/sk\/#website\"},\"datePublished\":\"2015-04-27T08:17:39+00:00\",\"dateModified\":\"2020-07-31T09:32:25+00:00\",\"description\":\"Kontaktn\u00ed \u00fadaje na \u010desk\u00e9ho v\u00fdrobce pleten\u00fdch \u010depic, firmu PLETEX s.r.o. Pot\u0159ebujete vyrobit \u010depice nebo \u0161\u00e1ly? Napi\u0161te n\u00e1m, r\u00e1di V\u00e1m zpracujeme nab\u00eddku.\",\"breadcrumb\":{\"@id\":\"https:\/\/www.pletex.cz\/sk\/kontakty\/#breadcrumb\"},\"inLanguage\":\"sk-SK\",\"potentialAction\":[{\"@type\":\"ReadAction\",\"target\":[\"https:\/\/www.pletex.cz\/sk\/kontakty\/\"]}]},{\"@type\":\"BreadcrumbList\",\"@id\":\"https:\/\/www.pletex.cz\/sk\/kontakty\/#breadcrumb\",\"itemListElement\":[{\"@type\":\"ListItem\",\"position\":1,\"name\":\"Dom\u016f\",\"item\":\"https:\/\/www.pletex.cz\/sk\/\"},{\"@type\":\"ListItem\",\"position\":2,\"name\":\"Kontakty\"}]},{\"@type\":\"WebSite\",\"@id\":\"https:\/\/www.pletex.cz\/sk\/#website\",\"url\":\"https:\/\/www.pletex.cz\/sk\/\",\"name\":\"Pletex\",\"description\":\"Dal\u0161\u00ed web pou\u017e\u00edvaj\u00edc\u00ed WordPress\",\"potentialAction\":[{\"@type\":\"SearchAction\",\"target\":{\"@type\":\"EntryPoint\",\"urlTemplate\":\"https:\/\/www.pletex.cz\/sk\/?s={search_term_string}\"},\"query-input\":{\"@type\":\"PropertyValueSpecification\",\"valueRequired\":true,\"valueName\":\"search_term_string\"}}],\"inLanguage\":\"sk-SK\"}]}<\/script>\n<!-- \/ Yoast SEO plugin. -->","yoast_head_json":{"title":"Kontakty - Pletex","description":"Kontaktn\u00ed \u00fadaje na \u010desk\u00e9ho v\u00fdrobce pleten\u00fdch \u010depic, firmu PLETEX s.r.o. Pot\u0159ebujete vyrobit \u010depice nebo \u0161\u00e1ly? Napi\u0161te n\u00e1m, r\u00e1di V\u00e1m zpracujeme nab\u00eddku.","robots":{"index":"index","follow":"follow","max-snippet":"max-snippet:-1","max-image-preview":"max-image-preview:large","max-video-preview":"max-video-preview:-1"},"canonical":"https:\/\/www.pletex.cz\/sk\/kontakty\/","og_locale":"sk_SK","og_type":"article","og_title":"Kontakty - Pletex","og_description":"Kontaktn\u00ed \u00fadaje na \u010desk\u00e9ho v\u00fdrobce pleten\u00fdch \u010depic, firmu PLETEX s.r.o. Pot\u0159ebujete vyrobit \u010depice nebo \u0161\u00e1ly? Napi\u0161te n\u00e1m, r\u00e1di V\u00e1m zpracujeme nab\u00eddku.","og_url":"https:\/\/www.pletex.cz\/sk\/kontakty\/","og_site_name":"Pletex","article_modified_time":"2020-07-31T09:32:25+00:00","twitter_card":"summary_large_image","schema":{"@context":"https:\/\/schema.org","@graph":[{"@type":"WebPage","@id":"https:\/\/www.pletex.cz\/sk\/kontakty\/","url":"https:\/\/www.pletex.cz\/sk\/kontakty\/","name":"Kontakty - Pletex","isPartOf":{"@id":"https:\/\/www.pletex.cz\/sk\/#website"},"datePublished":"2015-04-27T08:17:39+00:00","dateModified":"2020-07-31T09:32:25+00:00","description":"Kontaktn\u00ed \u00fadaje na \u010desk\u00e9ho v\u00fdrobce pleten\u00fdch \u010depic, firmu PLETEX s.r.o. Pot\u0159ebujete vyrobit \u010depice nebo \u0161\u00e1ly? Napi\u0161te n\u00e1m, r\u00e1di V\u00e1m zpracujeme nab\u00eddku.","breadcrumb":{"@id":"https:\/\/www.pletex.cz\/sk\/kontakty\/#breadcrumb"},"inLanguage":"sk-SK","potentialAction":[{"@type":"ReadAction","target":["https:\/\/www.pletex.cz\/sk\/kontakty\/"]}]},{"@type":"BreadcrumbList","@id":"https:\/\/www.pletex.cz\/sk\/kontakty\/#breadcrumb","itemListElement":[{"@type":"ListItem","position":1,"name":"Dom\u016f","item":"https:\/\/www.pletex.cz\/sk\/"},{"@type":"ListItem","position":2,"name":"Kontakty"}]},{"@type":"WebSite","@id":"https:\/\/www.pletex.cz\/sk\/#website","url":"https:\/\/www.pletex.cz\/sk\/","name":"Pletex","description":"Dal\u0161\u00ed web pou\u017e\u00edvaj\u00edc\u00ed WordPress","potentialAction":[{"@type":"SearchAction","target":{"@type":"EntryPoint","urlTemplate":"https:\/\/www.pletex.cz\/sk\/?s={search_term_string}"},"query-input":{"@type":"PropertyValueSpecification","valueRequired":true,"valueName":"search_term_string"}}],"inLanguage":"sk-SK"}]}},"_links":{"self":[{"href":"https:\/\/www.pletex.cz\/sk\/wp-json\/wp\/v2\/pages\/880","targetHints":{"allow":["GET"]}}],"collection":[{"href":"https:\/\/www.pletex.cz\/sk\/wp-json\/wp\/v2\/pages"}],"about":[{"href":"https:\/\/www.pletex.cz\/sk\/wp-json\/wp\/v2\/types\/page"}],"author":[{"embeddable":true,"href":"https:\/\/www.pletex.cz\/sk\/wp-json\/wp\/v2\/users\/1"}],"replies":[{"embeddable":true,"href":"https:\/\/www.pletex.cz\/sk\/wp-json\/wp\/v2\/comments?post=880"}],"version-history":[{"count":1,"href":"https:\/\/www.pletex.cz\/sk\/wp-json\/wp\/v2\/pages\/880\/revisions"}],"predecessor-version":[{"id":990,"href":"https:\/\/www.pletex.cz\/sk\/wp-json\/wp\/v2\/pages\/880\/revisions\/990"}],"wp:attachment":[{"href":"https:\/\/www.pletex.cz\/sk\/wp-json\/wp\/v2\/media?parent=880"}],"curies":[{"name":"wp","href":"https:\/\/api.w.org\/{rel}","templated":true}]}}