{"id":881,"date":"2015-04-27T08:17:25","date_gmt":"2015-04-27T08:17:25","guid":{"rendered":"https:\/\/www.pletex.cz\/vystavy\/"},"modified":"2015-04-27T08:17:25","modified_gmt":"2015-04-27T08:17:25","slug":"vystavy","status":"publish","type":"page","link":"https:\/\/www.pletex.cz\/sk\/vystavy\/","title":{"rendered":"V\u00fdstavy"},"content":{"rendered":"","protected":false},"excerpt":{"rendered":"","protected":false},"author":1,"featured_media":0,"parent":0,"menu_order":0,"comment_status":"closed","ping_status":"open","template":"templates\/exhibiton.php","meta":{"footnotes":""},"class_list":["post-881","page","type-page","status-publish","hentry"],"acf":[],"yoast_head":"<!-- This site is optimized with the Yoast SEO plugin v24.6 - https:\/\/yoast.com\/wordpress\/plugins\/seo\/ -->\n<title>V\u00fdstavy - Pletex<\/title>\n<meta name=\"description\" content=\"Nejnov\u011bj\u0161\u00ed \u010depice, \u0161\u00e1ly a dal\u0161\u00ed v\u00fdrobky firmy PLETEX najdete tak\u00e9 na t\u011bchto veletrz\u00edch. P\u0159ije\u010fte se pod\u00edvat, t\u011b\u0161\u00edme se na V\u00e1s!\" \/>\n<meta name=\"robots\" content=\"index, follow, max-snippet:-1, max-image-preview:large, max-video-preview:-1\" \/>\n<link rel=\"canonical\" href=\"https:\/\/www.pletex.cz\/sk\/vystavy\/\" \/>\n<meta property=\"og:locale\" content=\"sk_SK\" \/>\n<meta property=\"og:type\" content=\"article\" \/>\n<meta property=\"og:title\" content=\"V\u00fdstavy - Pletex\" \/>\n<meta property=\"og:description\" content=\"Nejnov\u011bj\u0161\u00ed \u010depice, \u0161\u00e1ly a dal\u0161\u00ed v\u00fdrobky firmy PLETEX najdete tak\u00e9 na t\u011bchto veletrz\u00edch. P\u0159ije\u010fte se pod\u00edvat, t\u011b\u0161\u00edme se na V\u00e1s!\" \/>\n<meta property=\"og:url\" content=\"https:\/\/www.pletex.cz\/sk\/vystavy\/\" \/>\n<meta property=\"og:site_name\" content=\"Pletex\" \/>\n<meta name=\"twitter:card\" content=\"summary_large_image\" \/>\n<script type=\"application\/ld+json\" class=\"yoast-schema-graph\">{\"@context\":\"https:\/\/schema.org\",\"@graph\":[{\"@type\":\"WebPage\",\"@id\":\"https:\/\/www.pletex.cz\/sk\/vystavy\/\",\"url\":\"https:\/\/www.pletex.cz\/sk\/vystavy\/\",\"name\":\"V\u00fdstavy - Pletex\",\"isPartOf\":{\"@id\":\"https:\/\/www.pletex.cz\/sk\/#website\"},\"datePublished\":\"2015-04-27T08:17:25+00:00\",\"description\":\"Nejnov\u011bj\u0161\u00ed \u010depice, \u0161\u00e1ly a dal\u0161\u00ed v\u00fdrobky firmy PLETEX najdete tak\u00e9 na t\u011bchto veletrz\u00edch. P\u0159ije\u010fte se pod\u00edvat, t\u011b\u0161\u00edme se na V\u00e1s!\",\"breadcrumb\":{\"@id\":\"https:\/\/www.pletex.cz\/sk\/vystavy\/#breadcrumb\"},\"inLanguage\":\"sk-SK\",\"potentialAction\":[{\"@type\":\"ReadAction\",\"target\":[\"https:\/\/www.pletex.cz\/sk\/vystavy\/\"]}]},{\"@type\":\"BreadcrumbList\",\"@id\":\"https:\/\/www.pletex.cz\/sk\/vystavy\/#breadcrumb\",\"itemListElement\":[{\"@type\":\"ListItem\",\"position\":1,\"name\":\"Dom\u016f\",\"item\":\"https:\/\/www.pletex.cz\/sk\/\"},{\"@type\":\"ListItem\",\"position\":2,\"name\":\"V\u00fdstavy\"}]},{\"@type\":\"WebSite\",\"@id\":\"https:\/\/www.pletex.cz\/sk\/#website\",\"url\":\"https:\/\/www.pletex.cz\/sk\/\",\"name\":\"Pletex\",\"description\":\"Dal\u0161\u00ed web pou\u017e\u00edvaj\u00edc\u00ed WordPress\",\"potentialAction\":[{\"@type\":\"SearchAction\",\"target\":{\"@type\":\"EntryPoint\",\"urlTemplate\":\"https:\/\/www.pletex.cz\/sk\/?s={search_term_string}\"},\"query-input\":{\"@type\":\"PropertyValueSpecification\",\"valueRequired\":true,\"valueName\":\"search_term_string\"}}],\"inLanguage\":\"sk-SK\"}]}<\/script>\n<!-- \/ Yoast SEO plugin. -->","yoast_head_json":{"title":"V\u00fdstavy - Pletex","description":"Nejnov\u011bj\u0161\u00ed \u010depice, \u0161\u00e1ly a dal\u0161\u00ed v\u00fdrobky firmy PLETEX najdete tak\u00e9 na t\u011bchto veletrz\u00edch. P\u0159ije\u010fte se pod\u00edvat, t\u011b\u0161\u00edme se na V\u00e1s!","robots":{"index":"index","follow":"follow","max-snippet":"max-snippet:-1","max-image-preview":"max-image-preview:large","max-video-preview":"max-video-preview:-1"},"canonical":"https:\/\/www.pletex.cz\/sk\/vystavy\/","og_locale":"sk_SK","og_type":"article","og_title":"V\u00fdstavy - Pletex","og_description":"Nejnov\u011bj\u0161\u00ed \u010depice, \u0161\u00e1ly a dal\u0161\u00ed v\u00fdrobky firmy PLETEX najdete tak\u00e9 na t\u011bchto veletrz\u00edch. P\u0159ije\u010fte se pod\u00edvat, t\u011b\u0161\u00edme se na V\u00e1s!","og_url":"https:\/\/www.pletex.cz\/sk\/vystavy\/","og_site_name":"Pletex","twitter_card":"summary_large_image","schema":{"@context":"https:\/\/schema.org","@graph":[{"@type":"WebPage","@id":"https:\/\/www.pletex.cz\/sk\/vystavy\/","url":"https:\/\/www.pletex.cz\/sk\/vystavy\/","name":"V\u00fdstavy - Pletex","isPartOf":{"@id":"https:\/\/www.pletex.cz\/sk\/#website"},"datePublished":"2015-04-27T08:17:25+00:00","description":"Nejnov\u011bj\u0161\u00ed \u010depice, \u0161\u00e1ly a dal\u0161\u00ed v\u00fdrobky firmy PLETEX najdete tak\u00e9 na t\u011bchto veletrz\u00edch. P\u0159ije\u010fte se pod\u00edvat, t\u011b\u0161\u00edme se na V\u00e1s!","breadcrumb":{"@id":"https:\/\/www.pletex.cz\/sk\/vystavy\/#breadcrumb"},"inLanguage":"sk-SK","potentialAction":[{"@type":"ReadAction","target":["https:\/\/www.pletex.cz\/sk\/vystavy\/"]}]},{"@type":"BreadcrumbList","@id":"https:\/\/www.pletex.cz\/sk\/vystavy\/#breadcrumb","itemListElement":[{"@type":"ListItem","position":1,"name":"Dom\u016f","item":"https:\/\/www.pletex.cz\/sk\/"},{"@type":"ListItem","position":2,"name":"V\u00fdstavy"}]},{"@type":"WebSite","@id":"https:\/\/www.pletex.cz\/sk\/#website","url":"https:\/\/www.pletex.cz\/sk\/","name":"Pletex","description":"Dal\u0161\u00ed web pou\u017e\u00edvaj\u00edc\u00ed WordPress","potentialAction":[{"@type":"SearchAction","target":{"@type":"EntryPoint","urlTemplate":"https:\/\/www.pletex.cz\/sk\/?s={search_term_string}"},"query-input":{"@type":"PropertyValueSpecification","valueRequired":true,"valueName":"search_term_string"}}],"inLanguage":"sk-SK"}]}},"_links":{"self":[{"href":"https:\/\/www.pletex.cz\/sk\/wp-json\/wp\/v2\/pages\/881","targetHints":{"allow":["GET"]}}],"collection":[{"href":"https:\/\/www.pletex.cz\/sk\/wp-json\/wp\/v2\/pages"}],"about":[{"href":"https:\/\/www.pletex.cz\/sk\/wp-json\/wp\/v2\/types\/page"}],"author":[{"embeddable":true,"href":"https:\/\/www.pletex.cz\/sk\/wp-json\/wp\/v2\/users\/1"}],"replies":[{"embeddable":true,"href":"https:\/\/www.pletex.cz\/sk\/wp-json\/wp\/v2\/comments?post=881"}],"version-history":[{"count":0,"href":"https:\/\/www.pletex.cz\/sk\/wp-json\/wp\/v2\/pages\/881\/revisions"}],"wp:attachment":[{"href":"https:\/\/www.pletex.cz\/sk\/wp-json\/wp\/v2\/media?parent=881"}],"curies":[{"name":"wp","href":"https:\/\/api.w.org\/{rel}","templated":true}]}}