{"id":883,"date":"2015-04-27T08:16:39","date_gmt":"2015-04-27T08:16:39","guid":{"rendered":"https:\/\/www.pletex.cz\/o-nas\/"},"modified":"2015-04-27T08:16:39","modified_gmt":"2015-04-27T08:16:39","slug":"o-nas","status":"publish","type":"page","link":"https:\/\/www.pletex.cz\/sk\/o-nas\/","title":{"rendered":"O n\u00e1s"},"content":{"rendered":"<h2>P\u00e1r informac\u00ed pro firemn\u00ed odb\u011bratele &#8211; jak objedn\u00e1vat<\/h2>\n<p><em>(pro soukrom\u00e9 z\u00e1kazn\u00edky je ur\u010den e-shop <a href=\"http:\/\/www.kulichy.cz\/\" target=\"_blank\">www.kulichy.cz<\/a>, ve kter\u00e9m lze nakoupit i jen jednu \u010depici)<\/em><\/p>\n<p><strong>Minim\u00e1ln\u00ed objednan\u00e9 mno\u017estv\u00ed:<\/strong><br \/>\nNa\u0161e z\u00e1kazn\u00edky v minim\u00e1ln\u00edm mno\u017estv\u00ed objednan\u00fdch pleten\u00fdch \u010depic neomezujeme. Obvykle m\u00e1me zbo\u017e\u00ed balen\u00e9 po 5 nebo 10 kusech od vzoru. Bal\u00ed\u010dky obsahuj\u00ed v\u0161echny barevn\u00e9 kombinace. Z\u00e1le\u017e\u00ed na V\u00e1s, zda vyu\u017eijete nadru\u017een\u00fdch bal\u00ed\u010dk\u016f nebo si objedn\u00e1te men\u0161\u00ed mno\u017estv\u00ed.<\/p>\n<p>Rukavice a bavln\u011bn\u00e9 \u010depice m\u00e1me z provozn\u00edch d\u016fvod\u016f baleny po 5 kusech v nadru\u017een\u00fdch barv\u00e1ch.<\/p>\n<p><strong>Jak objednat:<\/strong><br \/>\nObjedn\u00e1vat m\u016f\u017eete podle katalogu <strong>e-mailem (doporu\u010dujeme)<\/strong>, p\u00edsemn\u011b, nebo telefonicky.<\/p>\n<p>Doporu\u010dujeme V\u00e1m nav\u0161t\u00edvit n\u00e1s v \u00fanoru na veletrhu STYL v Brn\u011b. P\u0159edstavujeme tu ka\u017edoro\u010dn\u011b nejnov\u011bj\u0161\u00ed kolekci na n\u00e1sleduj\u00edc\u00ed zimu. Jedin\u011b na \u00fanorov\u00e9m STYLu V\u00e1m uk\u00e1\u017eeme v\u0161echny na\u0161e aktu\u00e1ln\u00ed v\u00fdrobky.<\/p>\n<p><strong>Doprava, platba:<\/strong><br \/>\nZbo\u017e\u00ed pos\u00edl\u00e1me na dob\u00edrku PPL. K cen\u011b bude p\u0159ipo\u010dteno po\u0161tovn\u00e9 (u z\u00e1silek nad 15 tis\u00edc korun po\u0161tovn\u00e9 ne\u00fa\u010dtujeme).<br \/>\nV p\u0159\u00edpad\u011b z\u00e1jmu je mo\u017en\u00e1 platba p\u0159edem na \u00fa\u010det a doru\u010den\u00ed za po\u0161tovn\u00e9 sn\u00ed\u017een\u00e9 o dob\u00edrkov\u00fd p\u0159\u00edplatek.<\/p>\n<p>Na po\u017e\u00e1d\u00e1n\u00ed m\u016f\u017eeme zbo\u017e\u00ed poslat i \u010ceskou po\u0161tou &#8211; slu\u017ebami &#8222;Bal\u00edk na po\u0161tu&#8220; nebo &#8222;Bal\u00edk do ruky&#8220;.<\/p>\n<p><strong>Dod\u00e1n\u00ed na Slovensko:<\/strong><br \/>\nNa Slovensko pos\u00edl\u00e1me na dob\u00edrku PPL, p\u0159\u00edpadn\u011b po uhrazen\u00ed z\u00e1lohov\u00e9 faktury. M\u00e1me \u00fa\u010det ve slovensk\u00e9 bance, tak\u017ee ve\u0161ker\u00e9 platby jsou v r\u00e1mci Slovenska &#8211; neplat\u00edte tedy poplatky za zahrani\u010dn\u00ed platby. Fakturace prob\u00edh\u00e1 v EUR.<\/p>\n<p>Zbo\u017e\u00ed V\u00e1m m\u016f\u017eeme p\u0159iv\u00e9zt na <a href=\"http:\/\/www.kontraktypska.sk\/\" target=\"_blank\"><strong>KONTRAKTY PSKA<\/strong><\/a> do Nitry, kter\u00fdch se pravideln\u011b \u00fa\u010dastn\u00edme <a href=\"\/new\/?page_id=881\">(term\u00edny kontrakt\u016f)<\/a>.<\/p>\n<p><strong>Slevy:<\/strong><br \/>\nV \u00fanoru na veletrhu <strong>STYL\/KABO<\/strong> poskytujeme na ka\u017edou objedn\u00e1vku pro n\u00e1sleduj\u00edc\u00ed sez\u00f3nu automaticky slevu 7% .<br \/>\nSlevu 7% obdr\u017e\u00edte i na p\u00edsemn\u00e9 a telefonick\u00e9 objedn\u00e1vky v \u00fanoru (na objedn\u00e1vky pro n\u00e1sleduj\u00edc\u00ed sez\u00f3nu).<\/p>\n<p><strong>Zbo\u017e\u00ed v \u00fanoru pouze objedn\u00e1v\u00e1te &#8211; dod\u00e1n\u00ed a placen\u00ed bude a\u017e v term\u00ednu, kter\u00fd si sami ur\u010d\u00edte!!<\/strong> (nap\u0159.: objedn\u00e1vka v \u00fanoru, dod\u00e1n\u00ed v \u0159\u00edjnu = sleva 7%)<\/p>\n<h4>\u010cepice &#8211; \u0161\u00e1ly &#8211; \u010delenky &#8211; PLETEX s.r.o.<\/h4>\n","protected":false},"excerpt":{"rendered":"<p>P\u00e1r informac\u00ed pro firemn\u00ed odb\u011bratele &#8211; jak objedn\u00e1vat (pro soukrom\u00e9 z\u00e1kazn\u00edky je ur\u010den e-shop www.kulichy.cz, ve kter\u00e9m lze nakoupit i jen jednu \u010depici) Minim\u00e1ln\u00ed objednan\u00e9 mno\u017estv\u00ed: Na\u0161e z\u00e1kazn\u00edky v minim\u00e1ln\u00edm mno\u017estv\u00ed objednan\u00fdch pleten\u00fdch \u010depic neomezujeme. Obvykle m\u00e1me zbo\u017e\u00ed balen\u00e9 po &hellip; <a href=\"https:\/\/www.pletex.cz\/sk\/o-nas\/\">Pokra\u010dova\u0165<\/a><\/p>\n","protected":false},"author":1,"featured_media":0,"parent":0,"menu_order":0,"comment_status":"closed","ping_status":"open","template":"templates\/about-page.php","meta":{"footnotes":""},"class_list":["post-883","page","type-page","status-publish","hentry"],"acf":[],"yoast_head":"<!-- This site is optimized with the Yoast SEO plugin v24.6 - https:\/\/yoast.com\/wordpress\/plugins\/seo\/ -->\n<title>PLETEX - pleten\u00e9 \u010depice, \u0161\u00e1ly, \u010delenky, v\u00fdroba na zak\u00e1zku<\/title>\n<meta name=\"description\" content=\"Profil \u010desk\u00e9ho v\u00fdrobce pleten\u00e9ho zbo\u017e\u00ed PLETEX s.r.o. Vyr\u00e1b\u00edme kvalitn\u00ed pleten\u00e9 \u010depice, \u0161\u00e1ly a dopl\u0148ky. V\u0161e z prov\u011b\u0159en\u00fdch certifikovan\u00fdch materi\u00e1l\u016f.\" \/>\n<meta name=\"robots\" content=\"index, follow, max-snippet:-1, max-image-preview:large, max-video-preview:-1\" \/>\n<link rel=\"canonical\" href=\"https:\/\/www.pletex.cz\/sk\/o-nas\/\" \/>\n<meta property=\"og:locale\" content=\"sk_SK\" \/>\n<meta property=\"og:type\" content=\"article\" \/>\n<meta property=\"og:title\" content=\"PLETEX - pleten\u00e9 \u010depice, \u0161\u00e1ly, \u010delenky, v\u00fdroba na zak\u00e1zku\" \/>\n<meta property=\"og:description\" content=\"Profil \u010desk\u00e9ho v\u00fdrobce pleten\u00e9ho zbo\u017e\u00ed PLETEX s.r.o. Vyr\u00e1b\u00edme kvalitn\u00ed pleten\u00e9 \u010depice, \u0161\u00e1ly a dopl\u0148ky. V\u0161e z prov\u011b\u0159en\u00fdch certifikovan\u00fdch materi\u00e1l\u016f.\" \/>\n<meta property=\"og:url\" content=\"https:\/\/www.pletex.cz\/sk\/o-nas\/\" \/>\n<meta property=\"og:site_name\" content=\"Pletex\" \/>\n<meta name=\"twitter:card\" content=\"summary_large_image\" \/>\n<meta name=\"twitter:label1\" content=\"Predpokladan\u00fd \u010das \u010d\u00edtania\" \/>\n\t<meta name=\"twitter:data1\" content=\"2 min\u00faty\" \/>\n<script type=\"application\/ld+json\" class=\"yoast-schema-graph\">{\"@context\":\"https:\/\/schema.org\",\"@graph\":[{\"@type\":\"WebPage\",\"@id\":\"https:\/\/www.pletex.cz\/sk\/o-nas\/\",\"url\":\"https:\/\/www.pletex.cz\/sk\/o-nas\/\",\"name\":\"PLETEX - pleten\u00e9 \u010depice, \u0161\u00e1ly, \u010delenky, v\u00fdroba na zak\u00e1zku\",\"isPartOf\":{\"@id\":\"https:\/\/www.pletex.cz\/sk\/#website\"},\"datePublished\":\"2015-04-27T08:16:39+00:00\",\"description\":\"Profil \u010desk\u00e9ho v\u00fdrobce pleten\u00e9ho zbo\u017e\u00ed PLETEX s.r.o. Vyr\u00e1b\u00edme kvalitn\u00ed pleten\u00e9 \u010depice, \u0161\u00e1ly a dopl\u0148ky. V\u0161e z prov\u011b\u0159en\u00fdch certifikovan\u00fdch materi\u00e1l\u016f.\",\"breadcrumb\":{\"@id\":\"https:\/\/www.pletex.cz\/sk\/o-nas\/#breadcrumb\"},\"inLanguage\":\"sk-SK\",\"potentialAction\":[{\"@type\":\"ReadAction\",\"target\":[\"https:\/\/www.pletex.cz\/sk\/o-nas\/\"]}]},{\"@type\":\"BreadcrumbList\",\"@id\":\"https:\/\/www.pletex.cz\/sk\/o-nas\/#breadcrumb\",\"itemListElement\":[{\"@type\":\"ListItem\",\"position\":1,\"name\":\"Dom\u016f\",\"item\":\"https:\/\/www.pletex.cz\/sk\/\"},{\"@type\":\"ListItem\",\"position\":2,\"name\":\"O n\u00e1s\"}]},{\"@type\":\"WebSite\",\"@id\":\"https:\/\/www.pletex.cz\/sk\/#website\",\"url\":\"https:\/\/www.pletex.cz\/sk\/\",\"name\":\"Pletex\",\"description\":\"Dal\u0161\u00ed web pou\u017e\u00edvaj\u00edc\u00ed WordPress\",\"potentialAction\":[{\"@type\":\"SearchAction\",\"target\":{\"@type\":\"EntryPoint\",\"urlTemplate\":\"https:\/\/www.pletex.cz\/sk\/?s={search_term_string}\"},\"query-input\":{\"@type\":\"PropertyValueSpecification\",\"valueRequired\":true,\"valueName\":\"search_term_string\"}}],\"inLanguage\":\"sk-SK\"}]}<\/script>\n<!-- \/ Yoast SEO plugin. -->","yoast_head_json":{"title":"PLETEX - pleten\u00e9 \u010depice, \u0161\u00e1ly, \u010delenky, v\u00fdroba na zak\u00e1zku","description":"Profil \u010desk\u00e9ho v\u00fdrobce pleten\u00e9ho zbo\u017e\u00ed PLETEX s.r.o. Vyr\u00e1b\u00edme kvalitn\u00ed pleten\u00e9 \u010depice, \u0161\u00e1ly a dopl\u0148ky. V\u0161e z prov\u011b\u0159en\u00fdch certifikovan\u00fdch materi\u00e1l\u016f.","robots":{"index":"index","follow":"follow","max-snippet":"max-snippet:-1","max-image-preview":"max-image-preview:large","max-video-preview":"max-video-preview:-1"},"canonical":"https:\/\/www.pletex.cz\/sk\/o-nas\/","og_locale":"sk_SK","og_type":"article","og_title":"PLETEX - pleten\u00e9 \u010depice, \u0161\u00e1ly, \u010delenky, v\u00fdroba na zak\u00e1zku","og_description":"Profil \u010desk\u00e9ho v\u00fdrobce pleten\u00e9ho zbo\u017e\u00ed PLETEX s.r.o. Vyr\u00e1b\u00edme kvalitn\u00ed pleten\u00e9 \u010depice, \u0161\u00e1ly a dopl\u0148ky. V\u0161e z prov\u011b\u0159en\u00fdch certifikovan\u00fdch materi\u00e1l\u016f.","og_url":"https:\/\/www.pletex.cz\/sk\/o-nas\/","og_site_name":"Pletex","twitter_card":"summary_large_image","twitter_misc":{"Predpokladan\u00fd \u010das \u010d\u00edtania":"2 min\u00faty"},"schema":{"@context":"https:\/\/schema.org","@graph":[{"@type":"WebPage","@id":"https:\/\/www.pletex.cz\/sk\/o-nas\/","url":"https:\/\/www.pletex.cz\/sk\/o-nas\/","name":"PLETEX - pleten\u00e9 \u010depice, \u0161\u00e1ly, \u010delenky, v\u00fdroba na zak\u00e1zku","isPartOf":{"@id":"https:\/\/www.pletex.cz\/sk\/#website"},"datePublished":"2015-04-27T08:16:39+00:00","description":"Profil \u010desk\u00e9ho v\u00fdrobce pleten\u00e9ho zbo\u017e\u00ed PLETEX s.r.o. Vyr\u00e1b\u00edme kvalitn\u00ed pleten\u00e9 \u010depice, \u0161\u00e1ly a dopl\u0148ky. V\u0161e z prov\u011b\u0159en\u00fdch certifikovan\u00fdch materi\u00e1l\u016f.","breadcrumb":{"@id":"https:\/\/www.pletex.cz\/sk\/o-nas\/#breadcrumb"},"inLanguage":"sk-SK","potentialAction":[{"@type":"ReadAction","target":["https:\/\/www.pletex.cz\/sk\/o-nas\/"]}]},{"@type":"BreadcrumbList","@id":"https:\/\/www.pletex.cz\/sk\/o-nas\/#breadcrumb","itemListElement":[{"@type":"ListItem","position":1,"name":"Dom\u016f","item":"https:\/\/www.pletex.cz\/sk\/"},{"@type":"ListItem","position":2,"name":"O n\u00e1s"}]},{"@type":"WebSite","@id":"https:\/\/www.pletex.cz\/sk\/#website","url":"https:\/\/www.pletex.cz\/sk\/","name":"Pletex","description":"Dal\u0161\u00ed web pou\u017e\u00edvaj\u00edc\u00ed WordPress","potentialAction":[{"@type":"SearchAction","target":{"@type":"EntryPoint","urlTemplate":"https:\/\/www.pletex.cz\/sk\/?s={search_term_string}"},"query-input":{"@type":"PropertyValueSpecification","valueRequired":true,"valueName":"search_term_string"}}],"inLanguage":"sk-SK"}]}},"_links":{"self":[{"href":"https:\/\/www.pletex.cz\/sk\/wp-json\/wp\/v2\/pages\/883","targetHints":{"allow":["GET"]}}],"collection":[{"href":"https:\/\/www.pletex.cz\/sk\/wp-json\/wp\/v2\/pages"}],"about":[{"href":"https:\/\/www.pletex.cz\/sk\/wp-json\/wp\/v2\/types\/page"}],"author":[{"embeddable":true,"href":"https:\/\/www.pletex.cz\/sk\/wp-json\/wp\/v2\/users\/1"}],"replies":[{"embeddable":true,"href":"https:\/\/www.pletex.cz\/sk\/wp-json\/wp\/v2\/comments?post=883"}],"version-history":[{"count":0,"href":"https:\/\/www.pletex.cz\/sk\/wp-json\/wp\/v2\/pages\/883\/revisions"}],"wp:attachment":[{"href":"https:\/\/www.pletex.cz\/sk\/wp-json\/wp\/v2\/media?parent=883"}],"curies":[{"name":"wp","href":"https:\/\/api.w.org\/{rel}","templated":true}]}}