{"id":885,"date":"2015-04-27T08:16:16","date_gmt":"2015-04-27T08:16:16","guid":{"rendered":"https:\/\/www.pletex.cz\/na-zakazku-2\/"},"modified":"2020-10-09T10:22:41","modified_gmt":"2020-10-09T10:22:41","slug":"na-zakazku-2","status":"publish","type":"page","link":"https:\/\/www.pletex.cz\/sk\/vyroba-ciapok","title":{"rendered":"V\u00fdroba \u010diapok"},"content":{"rendered":"<p>R\u00e1di V\u00e1m vyrob\u00edme \u010depice i \u0161\u00e1ly pro Va\u0161i firmu, reklamn\u00ed agenturu, sportovn\u00ed klub nebo fanshop. Jen n\u00e1m sd\u011bl\u00edte sv\u00e9 p\u0159edstavy a po\u0161lete grafick\u00e9 podklady (pokud m\u00e1te) a ostatn\u00ed nechte na n\u00e1s.<\/p>\n","protected":false},"excerpt":{"rendered":"<p>R\u00e1di V\u00e1m vyrob\u00edme \u010depice i \u0161\u00e1ly pro Va\u0161i firmu, reklamn\u00ed agenturu, sportovn\u00ed klub nebo fanshop. Jen n\u00e1m sd\u011bl\u00edte sv\u00e9 p\u0159edstavy a po\u0161lete grafick\u00e9 podklady (pokud m\u00e1te) a ostatn\u00ed nechte na n\u00e1s.<\/p>\n","protected":false},"author":1,"featured_media":0,"parent":0,"menu_order":0,"comment_status":"closed","ping_status":"closed","template":"template-vyroba.php","meta":{"footnotes":""},"class_list":["post-885","page","type-page","status-publish","hentry"],"acf":[],"yoast_head":"<!-- This site is optimized with the Yoast SEO plugin v24.6 - https:\/\/yoast.com\/wordpress\/plugins\/seo\/ -->\n<title>V\u00fdroba \u010diapok - Pletex<\/title>\n<meta name=\"robots\" content=\"index, follow, max-snippet:-1, max-image-preview:large, max-video-preview:-1\" \/>\n<link rel=\"canonical\" href=\"https:\/\/www.pletex.cz\/sk\/vyroba-ciapok\/\" \/>\n<meta property=\"og:locale\" content=\"sk_SK\" \/>\n<meta property=\"og:type\" content=\"article\" \/>\n<meta property=\"og:title\" content=\"V\u00fdroba \u010diapok - Pletex\" \/>\n<meta property=\"og:description\" content=\"R\u00e1di V\u00e1m vyrob\u00edme \u010depice i \u0161\u00e1ly pro Va\u0161i firmu, reklamn\u00ed agenturu, sportovn\u00ed klub nebo fanshop. Jen n\u00e1m sd\u011bl\u00edte sv\u00e9 p\u0159edstavy a po\u0161lete grafick\u00e9 podklady (pokud m\u00e1te) a ostatn\u00ed nechte na n\u00e1s.\" \/>\n<meta property=\"og:url\" content=\"https:\/\/www.pletex.cz\/sk\/vyroba-ciapok\" \/>\n<meta property=\"og:site_name\" content=\"Pletex\" \/>\n<meta property=\"article:modified_time\" content=\"2020-10-09T10:22:41+00:00\" \/>\n<meta name=\"twitter:card\" content=\"summary_large_image\" \/>\n<script type=\"application\/ld+json\" class=\"yoast-schema-graph\">{\"@context\":\"https:\/\/schema.org\",\"@graph\":[{\"@type\":\"WebPage\",\"@id\":\"https:\/\/www.pletex.cz\/sk\/vyroba-ciapok\",\"url\":\"https:\/\/www.pletex.cz\/sk\/vyroba-ciapok\",\"name\":\"V\u00fdroba \u010diapok - Pletex\",\"isPartOf\":{\"@id\":\"https:\/\/www.pletex.cz\/sk\/#website\"},\"datePublished\":\"2015-04-27T08:16:16+00:00\",\"dateModified\":\"2020-10-09T10:22:41+00:00\",\"breadcrumb\":{\"@id\":\"https:\/\/www.pletex.cz\/sk\/vyroba-ciapok#breadcrumb\"},\"inLanguage\":\"sk-SK\",\"potentialAction\":[{\"@type\":\"ReadAction\",\"target\":[\"https:\/\/www.pletex.cz\/sk\/vyroba-ciapok\"]}]},{\"@type\":\"BreadcrumbList\",\"@id\":\"https:\/\/www.pletex.cz\/sk\/vyroba-ciapok#breadcrumb\",\"itemListElement\":[{\"@type\":\"ListItem\",\"position\":1,\"name\":\"Dom\u016f\",\"item\":\"https:\/\/www.pletex.cz\/sk\/\"},{\"@type\":\"ListItem\",\"position\":2,\"name\":\"V\u00fdroba \u010diapok\"}]},{\"@type\":\"WebSite\",\"@id\":\"https:\/\/www.pletex.cz\/sk\/#website\",\"url\":\"https:\/\/www.pletex.cz\/sk\/\",\"name\":\"Pletex\",\"description\":\"Dal\u0161\u00ed web pou\u017e\u00edvaj\u00edc\u00ed WordPress\",\"potentialAction\":[{\"@type\":\"SearchAction\",\"target\":{\"@type\":\"EntryPoint\",\"urlTemplate\":\"https:\/\/www.pletex.cz\/sk\/?s={search_term_string}\"},\"query-input\":{\"@type\":\"PropertyValueSpecification\",\"valueRequired\":true,\"valueName\":\"search_term_string\"}}],\"inLanguage\":\"sk-SK\"}]}<\/script>\n<!-- \/ Yoast SEO plugin. -->","yoast_head_json":{"title":"V\u00fdroba \u010diapok - Pletex","robots":{"index":"index","follow":"follow","max-snippet":"max-snippet:-1","max-image-preview":"max-image-preview:large","max-video-preview":"max-video-preview:-1"},"canonical":"https:\/\/www.pletex.cz\/sk\/vyroba-ciapok\/","og_locale":"sk_SK","og_type":"article","og_title":"V\u00fdroba \u010diapok - Pletex","og_description":"R\u00e1di V\u00e1m vyrob\u00edme \u010depice i \u0161\u00e1ly pro Va\u0161i firmu, reklamn\u00ed agenturu, sportovn\u00ed klub nebo fanshop. Jen n\u00e1m sd\u011bl\u00edte sv\u00e9 p\u0159edstavy a po\u0161lete grafick\u00e9 podklady (pokud m\u00e1te) a ostatn\u00ed nechte na n\u00e1s.","og_url":"https:\/\/www.pletex.cz\/sk\/vyroba-ciapok","og_site_name":"Pletex","article_modified_time":"2020-10-09T10:22:41+00:00","twitter_card":"summary_large_image","schema":{"@context":"https:\/\/schema.org","@graph":[{"@type":"WebPage","@id":"https:\/\/www.pletex.cz\/sk\/vyroba-ciapok","url":"https:\/\/www.pletex.cz\/sk\/vyroba-ciapok","name":"V\u00fdroba \u010diapok - Pletex","isPartOf":{"@id":"https:\/\/www.pletex.cz\/sk\/#website"},"datePublished":"2015-04-27T08:16:16+00:00","dateModified":"2020-10-09T10:22:41+00:00","breadcrumb":{"@id":"https:\/\/www.pletex.cz\/sk\/vyroba-ciapok#breadcrumb"},"inLanguage":"sk-SK","potentialAction":[{"@type":"ReadAction","target":["https:\/\/www.pletex.cz\/sk\/vyroba-ciapok"]}]},{"@type":"BreadcrumbList","@id":"https:\/\/www.pletex.cz\/sk\/vyroba-ciapok#breadcrumb","itemListElement":[{"@type":"ListItem","position":1,"name":"Dom\u016f","item":"https:\/\/www.pletex.cz\/sk\/"},{"@type":"ListItem","position":2,"name":"V\u00fdroba \u010diapok"}]},{"@type":"WebSite","@id":"https:\/\/www.pletex.cz\/sk\/#website","url":"https:\/\/www.pletex.cz\/sk\/","name":"Pletex","description":"Dal\u0161\u00ed web pou\u017e\u00edvaj\u00edc\u00ed WordPress","potentialAction":[{"@type":"SearchAction","target":{"@type":"EntryPoint","urlTemplate":"https:\/\/www.pletex.cz\/sk\/?s={search_term_string}"},"query-input":{"@type":"PropertyValueSpecification","valueRequired":true,"valueName":"search_term_string"}}],"inLanguage":"sk-SK"}]}},"_links":{"self":[{"href":"https:\/\/www.pletex.cz\/sk\/wp-json\/wp\/v2\/pages\/885","targetHints":{"allow":["GET"]}}],"collection":[{"href":"https:\/\/www.pletex.cz\/sk\/wp-json\/wp\/v2\/pages"}],"about":[{"href":"https:\/\/www.pletex.cz\/sk\/wp-json\/wp\/v2\/types\/page"}],"author":[{"embeddable":true,"href":"https:\/\/www.pletex.cz\/sk\/wp-json\/wp\/v2\/users\/1"}],"replies":[{"embeddable":true,"href":"https:\/\/www.pletex.cz\/sk\/wp-json\/wp\/v2\/comments?post=885"}],"version-history":[{"count":3,"href":"https:\/\/www.pletex.cz\/sk\/wp-json\/wp\/v2\/pages\/885\/revisions"}],"predecessor-version":[{"id":1063,"href":"https:\/\/www.pletex.cz\/sk\/wp-json\/wp\/v2\/pages\/885\/revisions\/1063"}],"wp:attachment":[{"href":"https:\/\/www.pletex.cz\/sk\/wp-json\/wp\/v2\/media?parent=885"}],"curies":[{"name":"wp","href":"https:\/\/api.w.org\/{rel}","templated":true}]}}