{"id":887,"date":"2015-04-27T08:15:51","date_gmt":"2015-04-27T08:15:51","guid":{"rendered":"https:\/\/www.pletex.cz\/rukavice\/"},"modified":"2015-04-27T08:15:51","modified_gmt":"2015-04-27T08:15:51","slug":"rukavice","status":"publish","type":"page","link":"https:\/\/www.pletex.cz\/sk\/rukavice\/","title":{"rendered":"Pleten\u00e9 rukavice"},"content":{"rendered":"<p>Sou\u010d\u00e1st\u00ed na\u0161\u00ed kolekce jsou tak\u00e9 pleten\u00e9 rukavice. Sna\u017e\u00edme se, aby na\u0161e pleten\u00e9 rukavice byly vhodn\u00fdm dopl\u0148kem ke kolekci pleten\u00fdch \u010depic. Barvy a materi\u00e1lov\u00e9 proveden\u00ed rukavic se proto v\u011bt\u0161inou shoduj\u00ed s \u010depicemi.<\/p>\n<hr \/>\n<h4>D\u011btsk\u00e9 pleten\u00e9 rukavice<\/h4>\n<p>V na\u0161\u00ed nab\u00eddce najdete zejm\u00e9na <strong>d\u011btsk\u00e9 rukavice,<\/strong> a to v proveden\u00ed <strong>prstov\u00e9<\/strong> i <strong>pal\u010d\u00e1ky<\/strong>. V\u011bt\u0161ina rukavic je <strong>dvojit\u00e1<\/strong>, n\u011bkter\u00e9 maj\u00ed <strong>fleecovou pod\u0161\u00edvku<\/strong>.<\/p>\n<hr \/>\n<h4>D\u00e1msk\u00e9 pleten\u00e9 rukavice<\/h4>\n<p>D\u00e1msk\u00e9 prstov\u00e9 rukavice vz. 10014 nab\u00edz\u00edme v 13 barevn\u00fdch kombinac\u00edch. Jedn\u00e1 se velikostn\u011b o velmi univerz\u00e1ln\u00ed rukavice. V nab\u00eddce m\u00e1me i v\u00edced\u00edln\u00e9 d\u00e1msk\u00e9 rukavice vz.10967, kter\u00e9 se daj\u00ed nosit jako <strong>pal\u010d\u00e1ky i rukavice bez prst\u016f<\/strong>.<\/p>\n<hr \/>\n<h4>P\u00e1nsk\u00e9 pleten\u00e9 rukavice<\/h4>\n<p>V nab\u00eddce m\u00e1me i <strong>p\u00e1nsk\u00e9 rukavice<\/strong>. Vybrat si m\u016f\u017eete mezi <strong>dvojit\u00fdmi i jednoduch\u00fdmi <\/strong>a rukavicemi <strong>s fleecovou pod\u0161\u00edvkou<\/strong>. P\u00e1nsk\u00e9 rukavice m\u00e1me v\u011bt\u0161inou v <strong>\u010dern\u00e9 a \u0161ed\u00e9<\/strong> barv\u011b. Na men\u0161\u00ed p\u00e1nsk\u00e9 ruce se m\u016f\u017eou hodit i barevn\u00e9 d\u00e1msk\u00e9 rukavice vz. 10014.<\/p>\n","protected":false},"excerpt":{"rendered":"<p>Sou\u010d\u00e1st\u00ed na\u0161\u00ed kolekce jsou tak\u00e9 pleten\u00e9 rukavice. Sna\u017e\u00edme se, aby na\u0161e pleten\u00e9 rukavice byly vhodn\u00fdm dopl\u0148kem ke kolekci pleten\u00fdch \u010depic. Barvy a materi\u00e1lov\u00e9 proveden\u00ed rukavic se proto v\u011bt\u0161inou shoduj\u00ed s \u010depicemi. D\u011btsk\u00e9 pleten\u00e9 rukavice V na\u0161\u00ed nab\u00eddce najdete zejm\u00e9na d\u011btsk\u00e9 &hellip; <a href=\"https:\/\/www.pletex.cz\/sk\/rukavice\/\">Pokra\u010dova\u0165<\/a><\/p>\n","protected":false},"author":1,"featured_media":889,"parent":0,"menu_order":5,"comment_status":"closed","ping_status":"open","template":"templates\/cepice.php","meta":{"footnotes":""},"class_list":["post-887","page","type-page","status-publish","has-post-thumbnail","hentry"],"acf":[],"yoast_head":"<!-- This site is optimized with the Yoast SEO plugin v24.6 - https:\/\/yoast.com\/wordpress\/plugins\/seo\/ -->\n<title>Pleten\u00e9 rukavice<\/title>\n<meta name=\"description\" content=\"Vyberte si pleten\u00e9 rukavice z nab\u00eddky firmy PLETEX T\u0159eb\u00ed\u010d. Rukavice jsou vhodn\u00fdm dopl\u0148kem ke kolekci na\u0161ich origin\u00e1ln\u00edch pleten\u00fdch \u010depic.\" \/>\n<meta name=\"robots\" content=\"index, follow, max-snippet:-1, max-image-preview:large, max-video-preview:-1\" \/>\n<link rel=\"canonical\" href=\"https:\/\/www.pletex.cz\/sk\/rukavice\/\" \/>\n<meta property=\"og:locale\" content=\"sk_SK\" \/>\n<meta property=\"og:type\" content=\"article\" \/>\n<meta property=\"og:title\" content=\"Pleten\u00e9 rukavice\" \/>\n<meta property=\"og:description\" content=\"Vyberte si pleten\u00e9 rukavice z nab\u00eddky firmy PLETEX T\u0159eb\u00ed\u010d. Rukavice jsou vhodn\u00fdm dopl\u0148kem ke kolekci na\u0161ich origin\u00e1ln\u00edch pleten\u00fdch \u010depic.\" \/>\n<meta property=\"og:url\" content=\"https:\/\/www.pletex.cz\/sk\/rukavice\/\" \/>\n<meta property=\"og:site_name\" content=\"Pletex\" \/>\n<meta property=\"og:image\" content=\"https:\/\/www.pletex.cz\/wp-content\/uploads\/2015\/04\/rukavice.jpg\" \/>\n\t<meta property=\"og:image:width\" content=\"220\" \/>\n\t<meta property=\"og:image:height\" content=\"220\" \/>\n\t<meta property=\"og:image:type\" content=\"image\/jpeg\" \/>\n<meta name=\"twitter:card\" content=\"summary_large_image\" \/>\n<meta name=\"twitter:label1\" content=\"Predpokladan\u00fd \u010das \u010d\u00edtania\" \/>\n\t<meta name=\"twitter:data1\" content=\"1 min\u00fata\" \/>\n<script type=\"application\/ld+json\" class=\"yoast-schema-graph\">{\"@context\":\"https:\/\/schema.org\",\"@graph\":[{\"@type\":\"WebPage\",\"@id\":\"https:\/\/www.pletex.cz\/sk\/rukavice\/\",\"url\":\"https:\/\/www.pletex.cz\/sk\/rukavice\/\",\"name\":\"Pleten\u00e9 rukavice\",\"isPartOf\":{\"@id\":\"https:\/\/www.pletex.cz\/sk\/#website\"},\"primaryImageOfPage\":{\"@id\":\"https:\/\/www.pletex.cz\/sk\/rukavice\/#primaryimage\"},\"image\":{\"@id\":\"https:\/\/www.pletex.cz\/sk\/rukavice\/#primaryimage\"},\"thumbnailUrl\":\"https:\/\/www.pletex.cz\/wp-content\/uploads\/2015\/04\/rukavice.jpg\",\"datePublished\":\"2015-04-27T08:15:51+00:00\",\"description\":\"Vyberte si pleten\u00e9 rukavice z nab\u00eddky firmy PLETEX T\u0159eb\u00ed\u010d. Rukavice jsou vhodn\u00fdm dopl\u0148kem ke kolekci na\u0161ich origin\u00e1ln\u00edch pleten\u00fdch \u010depic.\",\"breadcrumb\":{\"@id\":\"https:\/\/www.pletex.cz\/sk\/rukavice\/#breadcrumb\"},\"inLanguage\":\"sk-SK\",\"potentialAction\":[{\"@type\":\"ReadAction\",\"target\":[\"https:\/\/www.pletex.cz\/sk\/rukavice\/\"]}]},{\"@type\":\"ImageObject\",\"inLanguage\":\"sk-SK\",\"@id\":\"https:\/\/www.pletex.cz\/sk\/rukavice\/#primaryimage\",\"url\":\"https:\/\/www.pletex.cz\/wp-content\/uploads\/2015\/04\/rukavice.jpg\",\"contentUrl\":\"https:\/\/www.pletex.cz\/wp-content\/uploads\/2015\/04\/rukavice.jpg\",\"width\":220,\"height\":220},{\"@type\":\"BreadcrumbList\",\"@id\":\"https:\/\/www.pletex.cz\/sk\/rukavice\/#breadcrumb\",\"itemListElement\":[{\"@type\":\"ListItem\",\"position\":1,\"name\":\"Dom\u016f\",\"item\":\"https:\/\/www.pletex.cz\/sk\/\"},{\"@type\":\"ListItem\",\"position\":2,\"name\":\"Pleten\u00e9 rukavice\"}]},{\"@type\":\"WebSite\",\"@id\":\"https:\/\/www.pletex.cz\/sk\/#website\",\"url\":\"https:\/\/www.pletex.cz\/sk\/\",\"name\":\"Pletex\",\"description\":\"Dal\u0161\u00ed web pou\u017e\u00edvaj\u00edc\u00ed WordPress\",\"potentialAction\":[{\"@type\":\"SearchAction\",\"target\":{\"@type\":\"EntryPoint\",\"urlTemplate\":\"https:\/\/www.pletex.cz\/sk\/?s={search_term_string}\"},\"query-input\":{\"@type\":\"PropertyValueSpecification\",\"valueRequired\":true,\"valueName\":\"search_term_string\"}}],\"inLanguage\":\"sk-SK\"}]}<\/script>\n<!-- \/ Yoast SEO plugin. -->","yoast_head_json":{"title":"Pleten\u00e9 rukavice","description":"Vyberte si pleten\u00e9 rukavice z nab\u00eddky firmy PLETEX T\u0159eb\u00ed\u010d. Rukavice jsou vhodn\u00fdm dopl\u0148kem ke kolekci na\u0161ich origin\u00e1ln\u00edch pleten\u00fdch \u010depic.","robots":{"index":"index","follow":"follow","max-snippet":"max-snippet:-1","max-image-preview":"max-image-preview:large","max-video-preview":"max-video-preview:-1"},"canonical":"https:\/\/www.pletex.cz\/sk\/rukavice\/","og_locale":"sk_SK","og_type":"article","og_title":"Pleten\u00e9 rukavice","og_description":"Vyberte si pleten\u00e9 rukavice z nab\u00eddky firmy PLETEX T\u0159eb\u00ed\u010d. Rukavice jsou vhodn\u00fdm dopl\u0148kem ke kolekci na\u0161ich origin\u00e1ln\u00edch pleten\u00fdch \u010depic.","og_url":"https:\/\/www.pletex.cz\/sk\/rukavice\/","og_site_name":"Pletex","og_image":[{"width":220,"height":220,"url":"https:\/\/www.pletex.cz\/wp-content\/uploads\/2015\/04\/rukavice.jpg","type":"image\/jpeg"}],"twitter_card":"summary_large_image","twitter_misc":{"Predpokladan\u00fd \u010das \u010d\u00edtania":"1 min\u00fata"},"schema":{"@context":"https:\/\/schema.org","@graph":[{"@type":"WebPage","@id":"https:\/\/www.pletex.cz\/sk\/rukavice\/","url":"https:\/\/www.pletex.cz\/sk\/rukavice\/","name":"Pleten\u00e9 rukavice","isPartOf":{"@id":"https:\/\/www.pletex.cz\/sk\/#website"},"primaryImageOfPage":{"@id":"https:\/\/www.pletex.cz\/sk\/rukavice\/#primaryimage"},"image":{"@id":"https:\/\/www.pletex.cz\/sk\/rukavice\/#primaryimage"},"thumbnailUrl":"https:\/\/www.pletex.cz\/wp-content\/uploads\/2015\/04\/rukavice.jpg","datePublished":"2015-04-27T08:15:51+00:00","description":"Vyberte si pleten\u00e9 rukavice z nab\u00eddky firmy PLETEX T\u0159eb\u00ed\u010d. Rukavice jsou vhodn\u00fdm dopl\u0148kem ke kolekci na\u0161ich origin\u00e1ln\u00edch pleten\u00fdch \u010depic.","breadcrumb":{"@id":"https:\/\/www.pletex.cz\/sk\/rukavice\/#breadcrumb"},"inLanguage":"sk-SK","potentialAction":[{"@type":"ReadAction","target":["https:\/\/www.pletex.cz\/sk\/rukavice\/"]}]},{"@type":"ImageObject","inLanguage":"sk-SK","@id":"https:\/\/www.pletex.cz\/sk\/rukavice\/#primaryimage","url":"https:\/\/www.pletex.cz\/wp-content\/uploads\/2015\/04\/rukavice.jpg","contentUrl":"https:\/\/www.pletex.cz\/wp-content\/uploads\/2015\/04\/rukavice.jpg","width":220,"height":220},{"@type":"BreadcrumbList","@id":"https:\/\/www.pletex.cz\/sk\/rukavice\/#breadcrumb","itemListElement":[{"@type":"ListItem","position":1,"name":"Dom\u016f","item":"https:\/\/www.pletex.cz\/sk\/"},{"@type":"ListItem","position":2,"name":"Pleten\u00e9 rukavice"}]},{"@type":"WebSite","@id":"https:\/\/www.pletex.cz\/sk\/#website","url":"https:\/\/www.pletex.cz\/sk\/","name":"Pletex","description":"Dal\u0161\u00ed web pou\u017e\u00edvaj\u00edc\u00ed WordPress","potentialAction":[{"@type":"SearchAction","target":{"@type":"EntryPoint","urlTemplate":"https:\/\/www.pletex.cz\/sk\/?s={search_term_string}"},"query-input":{"@type":"PropertyValueSpecification","valueRequired":true,"valueName":"search_term_string"}}],"inLanguage":"sk-SK"}]}},"_links":{"self":[{"href":"https:\/\/www.pletex.cz\/sk\/wp-json\/wp\/v2\/pages\/887","targetHints":{"allow":["GET"]}}],"collection":[{"href":"https:\/\/www.pletex.cz\/sk\/wp-json\/wp\/v2\/pages"}],"about":[{"href":"https:\/\/www.pletex.cz\/sk\/wp-json\/wp\/v2\/types\/page"}],"author":[{"embeddable":true,"href":"https:\/\/www.pletex.cz\/sk\/wp-json\/wp\/v2\/users\/1"}],"replies":[{"embeddable":true,"href":"https:\/\/www.pletex.cz\/sk\/wp-json\/wp\/v2\/comments?post=887"}],"version-history":[{"count":0,"href":"https:\/\/www.pletex.cz\/sk\/wp-json\/wp\/v2\/pages\/887\/revisions"}],"wp:featuredmedia":[{"embeddable":true,"href":"https:\/\/www.pletex.cz\/sk\/wp-json\/wp\/v2\/media\/889"}],"wp:attachment":[{"href":"https:\/\/www.pletex.cz\/sk\/wp-json\/wp\/v2\/media?parent=887"}],"curies":[{"name":"wp","href":"https:\/\/api.w.org\/{rel}","templated":true}]}}