{"id":890,"date":"2015-04-27T08:15:38","date_gmt":"2015-04-27T08:15:38","guid":{"rendered":"https:\/\/www.pletex.cz\/detske-cepice\/"},"modified":"2020-07-31T09:30:56","modified_gmt":"2020-07-31T09:30:56","slug":"detske-cepice","status":"publish","type":"page","link":"https:\/\/www.pletex.cz\/sk\/detske-cepice\/","title":{"rendered":"Detsk\u00e9 \u010diapky"},"content":{"rendered":"<p>D\u011btsk\u00e9 pleten\u00e9 \u010depice jsou velmi d\u016fle\u017eitou sou\u010d\u00e1st\u00ed na\u0161\u00ed nab\u00eddky. Ka\u017edoro\u010dn\u011b se sna\u017e\u00edme na\u0161i kolekci d\u011btsk\u00fdch \u010depic inovovat tak, aby byla neust\u00e1le atraktivn\u00ed pro na\u0161e nejmen\u0161\u00ed z\u00e1kazn\u00edky. D\u011btsk\u00e1 kolekce je velmi obs\u00e1hl\u00e1 a zahrnuje \u010depice a dopl\u0148ky ve velikostech od kojeneck\u00fdch a\u017e po teenagerovsk\u00e9. Star\u0161\u00ed d\u011bti si m\u016f\u017eou vybrat i v na\u0161\u00ed dosp\u011bl\u00e1ck\u00e9 nab\u00eddce. V\u011bt\u0161ina d\u011btsk\u00fdch \u010depic je pod\u0161it\u00e1 kvalitn\u00ed mikro-fleecovou pod\u0161\u00edvkou. Vybran\u00e9 \u010depice pro d\u00edvky jsou tak\u00e9 ozdobeny ru\u010dn\u011b h\u00e1\u010dkovan\u00fdmi aplikacemi.<\/p>\n<hr \/>\n<h4>D\u011btsk\u00e9 \u010depice se zv\u00ed\u0159ec\u00edmi motivy<\/h4>\n<p>V na\u0161\u00ed nab\u00eddce nem\u016f\u017eou chyb\u011bt velmi obl\u00edben\u00e9 zv\u00ed\u0159ec\u00ed d\u011btsk\u00e9 \u010depice. \u010cepice \u201esovi\u010dky\u201c a \u201emedv\u00eddci\u201c s ru\u010dn\u011b h\u00e1\u010dkovan\u00fdmi aplikacemi si z\u00edskaly zna\u010dnou oblibu u na\u0161ich mal\u00fdch z\u00e1kazn\u00edk\u016f.<\/p>\n","protected":false},"excerpt":{"rendered":"<p>D\u011btsk\u00e9 pleten\u00e9 \u010depice jsou velmi d\u016fle\u017eitou sou\u010d\u00e1st\u00ed na\u0161\u00ed nab\u00eddky. Ka\u017edoro\u010dn\u011b se sna\u017e\u00edme na\u0161i kolekci d\u011btsk\u00fdch \u010depic inovovat tak, aby byla neust\u00e1le atraktivn\u00ed pro na\u0161e nejmen\u0161\u00ed z\u00e1kazn\u00edky. D\u011btsk\u00e1 kolekce je velmi obs\u00e1hl\u00e1 a zahrnuje \u010depice a dopl\u0148ky ve velikostech od kojeneck\u00fdch &hellip; <a href=\"https:\/\/www.pletex.cz\/sk\/detske-cepice\/\">Pokra\u010dova\u0165<\/a><\/p>\n","protected":false},"author":1,"featured_media":892,"parent":0,"menu_order":4,"comment_status":"closed","ping_status":"open","template":"templates\/cepice.php","meta":{"footnotes":""},"class_list":["post-890","page","type-page","status-publish","has-post-thumbnail","hentry"],"acf":[],"yoast_head":"<!-- This site is optimized with the Yoast SEO plugin v24.6 - https:\/\/yoast.com\/wordpress\/plugins\/seo\/ -->\n<title>D\u011btsk\u00e9 \u010depice PLETEX<\/title>\n<meta name=\"description\" content=\"Nejnov\u011bj\u0161\u00ed d\u011btsk\u00e9 \u010depice v nab\u00eddce tradi\u010dn\u00edho \u010desk\u00e9ho v\u00fdrobce, firmy PLETEX s.r.o. T\u0159eb\u00ed\u010d. V\u0161e v origin\u00e1ln\u00edm proveden\u00ed a nejvy\u0161\u0161\u00ed kvalit\u011b. P\u0159esv\u011bd\u010dte se!\" \/>\n<meta name=\"robots\" content=\"index, follow, max-snippet:-1, max-image-preview:large, max-video-preview:-1\" \/>\n<link rel=\"canonical\" href=\"https:\/\/www.pletex.cz\/sk\/detske-cepice\/\" \/>\n<meta property=\"og:locale\" content=\"sk_SK\" \/>\n<meta property=\"og:type\" content=\"article\" \/>\n<meta property=\"og:title\" content=\"D\u011btsk\u00e9 \u010depice PLETEX\" \/>\n<meta property=\"og:description\" content=\"Nejnov\u011bj\u0161\u00ed d\u011btsk\u00e9 \u010depice v nab\u00eddce tradi\u010dn\u00edho \u010desk\u00e9ho v\u00fdrobce, firmy PLETEX s.r.o. T\u0159eb\u00ed\u010d. V\u0161e v origin\u00e1ln\u00edm proveden\u00ed a nejvy\u0161\u0161\u00ed kvalit\u011b. P\u0159esv\u011bd\u010dte se!\" \/>\n<meta property=\"og:url\" content=\"https:\/\/www.pletex.cz\/sk\/detske-cepice\/\" \/>\n<meta property=\"og:site_name\" content=\"Pletex\" \/>\n<meta property=\"article:modified_time\" content=\"2020-07-31T09:30:56+00:00\" \/>\n<meta property=\"og:image\" content=\"https:\/\/www.pletex.cz\/wp-content\/uploads\/2020\/03\/propagace-11-e1584705223586.jpg\" \/>\n\t<meta property=\"og:image:width\" content=\"2840\" \/>\n\t<meta property=\"og:image:height\" content=\"2840\" \/>\n\t<meta property=\"og:image:type\" content=\"image\/jpeg\" \/>\n<meta name=\"twitter:card\" content=\"summary_large_image\" \/>\n<meta name=\"twitter:label1\" content=\"Predpokladan\u00fd \u010das \u010d\u00edtania\" \/>\n\t<meta name=\"twitter:data1\" content=\"1 min\u00fata\" \/>\n<script type=\"application\/ld+json\" class=\"yoast-schema-graph\">{\"@context\":\"https:\/\/schema.org\",\"@graph\":[{\"@type\":\"WebPage\",\"@id\":\"https:\/\/www.pletex.cz\/sk\/detske-cepice\/\",\"url\":\"https:\/\/www.pletex.cz\/sk\/detske-cepice\/\",\"name\":\"D\u011btsk\u00e9 \u010depice PLETEX\",\"isPartOf\":{\"@id\":\"https:\/\/www.pletex.cz\/sk\/#website\"},\"primaryImageOfPage\":{\"@id\":\"https:\/\/www.pletex.cz\/sk\/detske-cepice\/#primaryimage\"},\"image\":{\"@id\":\"https:\/\/www.pletex.cz\/sk\/detske-cepice\/#primaryimage\"},\"thumbnailUrl\":\"https:\/\/www.pletex.cz\/wp-content\/uploads\/2020\/03\/propagace-11-e1584705223586.jpg\",\"datePublished\":\"2015-04-27T08:15:38+00:00\",\"dateModified\":\"2020-07-31T09:30:56+00:00\",\"description\":\"Nejnov\u011bj\u0161\u00ed d\u011btsk\u00e9 \u010depice v nab\u00eddce tradi\u010dn\u00edho \u010desk\u00e9ho v\u00fdrobce, firmy PLETEX s.r.o. T\u0159eb\u00ed\u010d. V\u0161e v origin\u00e1ln\u00edm proveden\u00ed a nejvy\u0161\u0161\u00ed kvalit\u011b. P\u0159esv\u011bd\u010dte se!\",\"breadcrumb\":{\"@id\":\"https:\/\/www.pletex.cz\/sk\/detske-cepice\/#breadcrumb\"},\"inLanguage\":\"sk-SK\",\"potentialAction\":[{\"@type\":\"ReadAction\",\"target\":[\"https:\/\/www.pletex.cz\/sk\/detske-cepice\/\"]}]},{\"@type\":\"ImageObject\",\"inLanguage\":\"sk-SK\",\"@id\":\"https:\/\/www.pletex.cz\/sk\/detske-cepice\/#primaryimage\",\"url\":\"https:\/\/www.pletex.cz\/wp-content\/uploads\/2020\/03\/propagace-11-e1584705223586.jpg\",\"contentUrl\":\"https:\/\/www.pletex.cz\/wp-content\/uploads\/2020\/03\/propagace-11-e1584705223586.jpg\",\"width\":2840,\"height\":2840},{\"@type\":\"BreadcrumbList\",\"@id\":\"https:\/\/www.pletex.cz\/sk\/detske-cepice\/#breadcrumb\",\"itemListElement\":[{\"@type\":\"ListItem\",\"position\":1,\"name\":\"Dom\u016f\",\"item\":\"https:\/\/www.pletex.cz\/sk\/\"},{\"@type\":\"ListItem\",\"position\":2,\"name\":\"Detsk\u00e9 \u010diapky\"}]},{\"@type\":\"WebSite\",\"@id\":\"https:\/\/www.pletex.cz\/sk\/#website\",\"url\":\"https:\/\/www.pletex.cz\/sk\/\",\"name\":\"Pletex\",\"description\":\"Dal\u0161\u00ed web pou\u017e\u00edvaj\u00edc\u00ed WordPress\",\"potentialAction\":[{\"@type\":\"SearchAction\",\"target\":{\"@type\":\"EntryPoint\",\"urlTemplate\":\"https:\/\/www.pletex.cz\/sk\/?s={search_term_string}\"},\"query-input\":{\"@type\":\"PropertyValueSpecification\",\"valueRequired\":true,\"valueName\":\"search_term_string\"}}],\"inLanguage\":\"sk-SK\"}]}<\/script>\n<!-- \/ Yoast SEO plugin. -->","yoast_head_json":{"title":"D\u011btsk\u00e9 \u010depice PLETEX","description":"Nejnov\u011bj\u0161\u00ed d\u011btsk\u00e9 \u010depice v nab\u00eddce tradi\u010dn\u00edho \u010desk\u00e9ho v\u00fdrobce, firmy PLETEX s.r.o. T\u0159eb\u00ed\u010d. V\u0161e v origin\u00e1ln\u00edm proveden\u00ed a nejvy\u0161\u0161\u00ed kvalit\u011b. P\u0159esv\u011bd\u010dte se!","robots":{"index":"index","follow":"follow","max-snippet":"max-snippet:-1","max-image-preview":"max-image-preview:large","max-video-preview":"max-video-preview:-1"},"canonical":"https:\/\/www.pletex.cz\/sk\/detske-cepice\/","og_locale":"sk_SK","og_type":"article","og_title":"D\u011btsk\u00e9 \u010depice PLETEX","og_description":"Nejnov\u011bj\u0161\u00ed d\u011btsk\u00e9 \u010depice v nab\u00eddce tradi\u010dn\u00edho \u010desk\u00e9ho v\u00fdrobce, firmy PLETEX s.r.o. T\u0159eb\u00ed\u010d. V\u0161e v origin\u00e1ln\u00edm proveden\u00ed a nejvy\u0161\u0161\u00ed kvalit\u011b. P\u0159esv\u011bd\u010dte se!","og_url":"https:\/\/www.pletex.cz\/sk\/detske-cepice\/","og_site_name":"Pletex","article_modified_time":"2020-07-31T09:30:56+00:00","og_image":[{"width":2840,"height":2840,"url":"https:\/\/www.pletex.cz\/wp-content\/uploads\/2020\/03\/propagace-11-e1584705223586.jpg","type":"image\/jpeg"}],"twitter_card":"summary_large_image","twitter_misc":{"Predpokladan\u00fd \u010das \u010d\u00edtania":"1 min\u00fata"},"schema":{"@context":"https:\/\/schema.org","@graph":[{"@type":"WebPage","@id":"https:\/\/www.pletex.cz\/sk\/detske-cepice\/","url":"https:\/\/www.pletex.cz\/sk\/detske-cepice\/","name":"D\u011btsk\u00e9 \u010depice PLETEX","isPartOf":{"@id":"https:\/\/www.pletex.cz\/sk\/#website"},"primaryImageOfPage":{"@id":"https:\/\/www.pletex.cz\/sk\/detske-cepice\/#primaryimage"},"image":{"@id":"https:\/\/www.pletex.cz\/sk\/detske-cepice\/#primaryimage"},"thumbnailUrl":"https:\/\/www.pletex.cz\/wp-content\/uploads\/2020\/03\/propagace-11-e1584705223586.jpg","datePublished":"2015-04-27T08:15:38+00:00","dateModified":"2020-07-31T09:30:56+00:00","description":"Nejnov\u011bj\u0161\u00ed d\u011btsk\u00e9 \u010depice v nab\u00eddce tradi\u010dn\u00edho \u010desk\u00e9ho v\u00fdrobce, firmy PLETEX s.r.o. T\u0159eb\u00ed\u010d. V\u0161e v origin\u00e1ln\u00edm proveden\u00ed a nejvy\u0161\u0161\u00ed kvalit\u011b. P\u0159esv\u011bd\u010dte se!","breadcrumb":{"@id":"https:\/\/www.pletex.cz\/sk\/detske-cepice\/#breadcrumb"},"inLanguage":"sk-SK","potentialAction":[{"@type":"ReadAction","target":["https:\/\/www.pletex.cz\/sk\/detske-cepice\/"]}]},{"@type":"ImageObject","inLanguage":"sk-SK","@id":"https:\/\/www.pletex.cz\/sk\/detske-cepice\/#primaryimage","url":"https:\/\/www.pletex.cz\/wp-content\/uploads\/2020\/03\/propagace-11-e1584705223586.jpg","contentUrl":"https:\/\/www.pletex.cz\/wp-content\/uploads\/2020\/03\/propagace-11-e1584705223586.jpg","width":2840,"height":2840},{"@type":"BreadcrumbList","@id":"https:\/\/www.pletex.cz\/sk\/detske-cepice\/#breadcrumb","itemListElement":[{"@type":"ListItem","position":1,"name":"Dom\u016f","item":"https:\/\/www.pletex.cz\/sk\/"},{"@type":"ListItem","position":2,"name":"Detsk\u00e9 \u010diapky"}]},{"@type":"WebSite","@id":"https:\/\/www.pletex.cz\/sk\/#website","url":"https:\/\/www.pletex.cz\/sk\/","name":"Pletex","description":"Dal\u0161\u00ed web pou\u017e\u00edvaj\u00edc\u00ed WordPress","potentialAction":[{"@type":"SearchAction","target":{"@type":"EntryPoint","urlTemplate":"https:\/\/www.pletex.cz\/sk\/?s={search_term_string}"},"query-input":{"@type":"PropertyValueSpecification","valueRequired":true,"valueName":"search_term_string"}}],"inLanguage":"sk-SK"}]}},"_links":{"self":[{"href":"https:\/\/www.pletex.cz\/sk\/wp-json\/wp\/v2\/pages\/890","targetHints":{"allow":["GET"]}}],"collection":[{"href":"https:\/\/www.pletex.cz\/sk\/wp-json\/wp\/v2\/pages"}],"about":[{"href":"https:\/\/www.pletex.cz\/sk\/wp-json\/wp\/v2\/types\/page"}],"author":[{"embeddable":true,"href":"https:\/\/www.pletex.cz\/sk\/wp-json\/wp\/v2\/users\/1"}],"replies":[{"embeddable":true,"href":"https:\/\/www.pletex.cz\/sk\/wp-json\/wp\/v2\/comments?post=890"}],"version-history":[{"count":1,"href":"https:\/\/www.pletex.cz\/sk\/wp-json\/wp\/v2\/pages\/890\/revisions"}],"predecessor-version":[{"id":989,"href":"https:\/\/www.pletex.cz\/sk\/wp-json\/wp\/v2\/pages\/890\/revisions\/989"}],"wp:featuredmedia":[{"embeddable":true,"href":"https:\/\/www.pletex.cz\/sk\/wp-json\/wp\/v2\/media\/892"}],"wp:attachment":[{"href":"https:\/\/www.pletex.cz\/sk\/wp-json\/wp\/v2\/media?parent=890"}],"curies":[{"name":"wp","href":"https:\/\/api.w.org\/{rel}","templated":true}]}}