{"id":893,"date":"2015-04-27T08:15:26","date_gmt":"2015-04-27T08:15:26","guid":{"rendered":"https:\/\/www.pletex.cz\/panske-cepice\/"},"modified":"2020-07-31T09:30:33","modified_gmt":"2020-07-31T09:30:33","slug":"panske-cepice","status":"publish","type":"page","link":"https:\/\/www.pletex.cz\/sk\/panske-cepice\/","title":{"rendered":"P\u00e1nske \u010diapky"},"content":{"rendered":"<p>P\u00e1nsk\u00e9 \u010depice jsou velmi d\u016fle\u017eitou sekc\u00ed na\u0161\u00ed nab\u00eddky. Obsahuje nejen pokr\u00fdvky hlavy ur\u010den\u00e9 pro ka\u017edodenn\u00ed no\u0161en\u00ed, ale i vzorovan\u00e9 \u010depice z funk\u010dn\u00edch materi\u00e1l\u016f.<\/p>\n<hr \/>\n<h4>Velikosti<\/h4>\n<p>V\u011bt\u0161ina \u010depic je v univerz\u00e1ln\u00ed velikosti. Jsou velmi pru\u017en\u00e9 a p\u0159izp\u016fsob\u00ed se v\u011bt\u0161in\u011b hlav. N\u011bkter\u00e9 p\u00e1nsk\u00e9 \u010depice m\u00e1me ale i ve v\u011bt\u0161\u00edch velikostech \u2013 XL<\/p>\n<hr \/>\n<h4>Zimn\u00ed sety pro tat\u00ednky a syny<\/h4>\n<p>N\u011bkter\u00e9 pleten\u00e9 \u010depice m\u00e1me ve stejn\u00e9m proveden\u00ed pro tat\u00ednka i syna.<\/p>\n<hr \/>\n<p>&nbsp;<\/p>\n","protected":false},"excerpt":{"rendered":"<p>P\u00e1nsk\u00e9 \u010depice jsou velmi d\u016fle\u017eitou sekc\u00ed na\u0161\u00ed nab\u00eddky. Obsahuje nejen pokr\u00fdvky hlavy ur\u010den\u00e9 pro ka\u017edodenn\u00ed no\u0161en\u00ed, ale i vzorovan\u00e9 \u010depice z funk\u010dn\u00edch materi\u00e1l\u016f. Velikosti V\u011bt\u0161ina \u010depic je v univerz\u00e1ln\u00ed velikosti. Jsou velmi pru\u017en\u00e9 a p\u0159izp\u016fsob\u00ed se v\u011bt\u0161in\u011b hlav. N\u011bkter\u00e9 p\u00e1nsk\u00e9 &hellip; <a href=\"https:\/\/www.pletex.cz\/sk\/panske-cepice\/\">Pokra\u010dova\u0165<\/a><\/p>\n","protected":false},"author":1,"featured_media":895,"parent":0,"menu_order":3,"comment_status":"closed","ping_status":"open","template":"templates\/cepice.php","meta":{"footnotes":""},"class_list":["post-893","page","type-page","status-publish","has-post-thumbnail","hentry"],"acf":[],"yoast_head":"<!-- This site is optimized with the Yoast SEO plugin v24.6 - https:\/\/yoast.com\/wordpress\/plugins\/seo\/ -->\n<title>Pleten\u00e9 p\u00e1nsk\u00e9 \u010depice - PLETEX T\u0159eb\u00ed\u010d<\/title>\n<meta name=\"description\" content=\"Vyberte si nov\u00e9 p\u00e1nsk\u00e9 \u010depice \u010desk\u00e9ho v\u00fdrobce - PLETEX. V\u0161e v origin\u00e1ln\u00edm proveden\u00ed a nejvy\u0161\u0161\u00ed kvalit\u011b. V nab\u00eddce m\u00e1me volno\u010dasov\u00e9 i sportovn\u00ed \u010depice.\" \/>\n<meta name=\"robots\" content=\"index, follow, max-snippet:-1, max-image-preview:large, max-video-preview:-1\" \/>\n<link rel=\"canonical\" href=\"https:\/\/www.pletex.cz\/sk\/panske-cepice\/\" \/>\n<meta property=\"og:locale\" content=\"sk_SK\" \/>\n<meta property=\"og:type\" content=\"article\" \/>\n<meta property=\"og:title\" content=\"Pleten\u00e9 p\u00e1nsk\u00e9 \u010depice - PLETEX T\u0159eb\u00ed\u010d\" \/>\n<meta property=\"og:description\" content=\"Vyberte si nov\u00e9 p\u00e1nsk\u00e9 \u010depice \u010desk\u00e9ho v\u00fdrobce - PLETEX. V\u0161e v origin\u00e1ln\u00edm proveden\u00ed a nejvy\u0161\u0161\u00ed kvalit\u011b. V nab\u00eddce m\u00e1me volno\u010dasov\u00e9 i sportovn\u00ed \u010depice.\" \/>\n<meta property=\"og:url\" content=\"https:\/\/www.pletex.cz\/sk\/panske-cepice\/\" \/>\n<meta property=\"og:site_name\" content=\"Pletex\" \/>\n<meta property=\"article:modified_time\" content=\"2020-07-31T09:30:33+00:00\" \/>\n<meta property=\"og:image\" content=\"https:\/\/www.pletex.cz\/wp-content\/uploads\/2020\/03\/M520_IMG_9743_2020-e1584704467501.jpg\" \/>\n\t<meta property=\"og:image:width\" content=\"1536\" \/>\n\t<meta property=\"og:image:height\" content=\"1536\" \/>\n\t<meta property=\"og:image:type\" content=\"image\/jpeg\" \/>\n<meta name=\"twitter:card\" content=\"summary_large_image\" \/>\n<script type=\"application\/ld+json\" class=\"yoast-schema-graph\">{\"@context\":\"https:\/\/schema.org\",\"@graph\":[{\"@type\":\"WebPage\",\"@id\":\"https:\/\/www.pletex.cz\/sk\/panske-cepice\/\",\"url\":\"https:\/\/www.pletex.cz\/sk\/panske-cepice\/\",\"name\":\"Pleten\u00e9 p\u00e1nsk\u00e9 \u010depice - PLETEX T\u0159eb\u00ed\u010d\",\"isPartOf\":{\"@id\":\"https:\/\/www.pletex.cz\/sk\/#website\"},\"primaryImageOfPage\":{\"@id\":\"https:\/\/www.pletex.cz\/sk\/panske-cepice\/#primaryimage\"},\"image\":{\"@id\":\"https:\/\/www.pletex.cz\/sk\/panske-cepice\/#primaryimage\"},\"thumbnailUrl\":\"https:\/\/www.pletex.cz\/wp-content\/uploads\/2020\/03\/M520_IMG_9743_2020-e1584704467501.jpg\",\"datePublished\":\"2015-04-27T08:15:26+00:00\",\"dateModified\":\"2020-07-31T09:30:33+00:00\",\"description\":\"Vyberte si nov\u00e9 p\u00e1nsk\u00e9 \u010depice \u010desk\u00e9ho v\u00fdrobce - PLETEX. V\u0161e v origin\u00e1ln\u00edm proveden\u00ed a nejvy\u0161\u0161\u00ed kvalit\u011b. V nab\u00eddce m\u00e1me volno\u010dasov\u00e9 i sportovn\u00ed \u010depice.\",\"breadcrumb\":{\"@id\":\"https:\/\/www.pletex.cz\/sk\/panske-cepice\/#breadcrumb\"},\"inLanguage\":\"sk-SK\",\"potentialAction\":[{\"@type\":\"ReadAction\",\"target\":[\"https:\/\/www.pletex.cz\/sk\/panske-cepice\/\"]}]},{\"@type\":\"ImageObject\",\"inLanguage\":\"sk-SK\",\"@id\":\"https:\/\/www.pletex.cz\/sk\/panske-cepice\/#primaryimage\",\"url\":\"https:\/\/www.pletex.cz\/wp-content\/uploads\/2020\/03\/M520_IMG_9743_2020-e1584704467501.jpg\",\"contentUrl\":\"https:\/\/www.pletex.cz\/wp-content\/uploads\/2020\/03\/M520_IMG_9743_2020-e1584704467501.jpg\",\"width\":1536,\"height\":1536},{\"@type\":\"BreadcrumbList\",\"@id\":\"https:\/\/www.pletex.cz\/sk\/panske-cepice\/#breadcrumb\",\"itemListElement\":[{\"@type\":\"ListItem\",\"position\":1,\"name\":\"Dom\u016f\",\"item\":\"https:\/\/www.pletex.cz\/sk\/\"},{\"@type\":\"ListItem\",\"position\":2,\"name\":\"P\u00e1nske \u010diapky\"}]},{\"@type\":\"WebSite\",\"@id\":\"https:\/\/www.pletex.cz\/sk\/#website\",\"url\":\"https:\/\/www.pletex.cz\/sk\/\",\"name\":\"Pletex\",\"description\":\"Dal\u0161\u00ed web pou\u017e\u00edvaj\u00edc\u00ed WordPress\",\"potentialAction\":[{\"@type\":\"SearchAction\",\"target\":{\"@type\":\"EntryPoint\",\"urlTemplate\":\"https:\/\/www.pletex.cz\/sk\/?s={search_term_string}\"},\"query-input\":{\"@type\":\"PropertyValueSpecification\",\"valueRequired\":true,\"valueName\":\"search_term_string\"}}],\"inLanguage\":\"sk-SK\"}]}<\/script>\n<!-- \/ Yoast SEO plugin. -->","yoast_head_json":{"title":"Pleten\u00e9 p\u00e1nsk\u00e9 \u010depice - PLETEX T\u0159eb\u00ed\u010d","description":"Vyberte si nov\u00e9 p\u00e1nsk\u00e9 \u010depice \u010desk\u00e9ho v\u00fdrobce - PLETEX. V\u0161e v origin\u00e1ln\u00edm proveden\u00ed a nejvy\u0161\u0161\u00ed kvalit\u011b. V nab\u00eddce m\u00e1me volno\u010dasov\u00e9 i sportovn\u00ed \u010depice.","robots":{"index":"index","follow":"follow","max-snippet":"max-snippet:-1","max-image-preview":"max-image-preview:large","max-video-preview":"max-video-preview:-1"},"canonical":"https:\/\/www.pletex.cz\/sk\/panske-cepice\/","og_locale":"sk_SK","og_type":"article","og_title":"Pleten\u00e9 p\u00e1nsk\u00e9 \u010depice - PLETEX T\u0159eb\u00ed\u010d","og_description":"Vyberte si nov\u00e9 p\u00e1nsk\u00e9 \u010depice \u010desk\u00e9ho v\u00fdrobce - PLETEX. V\u0161e v origin\u00e1ln\u00edm proveden\u00ed a nejvy\u0161\u0161\u00ed kvalit\u011b. V nab\u00eddce m\u00e1me volno\u010dasov\u00e9 i sportovn\u00ed \u010depice.","og_url":"https:\/\/www.pletex.cz\/sk\/panske-cepice\/","og_site_name":"Pletex","article_modified_time":"2020-07-31T09:30:33+00:00","og_image":[{"width":1536,"height":1536,"url":"https:\/\/www.pletex.cz\/wp-content\/uploads\/2020\/03\/M520_IMG_9743_2020-e1584704467501.jpg","type":"image\/jpeg"}],"twitter_card":"summary_large_image","schema":{"@context":"https:\/\/schema.org","@graph":[{"@type":"WebPage","@id":"https:\/\/www.pletex.cz\/sk\/panske-cepice\/","url":"https:\/\/www.pletex.cz\/sk\/panske-cepice\/","name":"Pleten\u00e9 p\u00e1nsk\u00e9 \u010depice - PLETEX T\u0159eb\u00ed\u010d","isPartOf":{"@id":"https:\/\/www.pletex.cz\/sk\/#website"},"primaryImageOfPage":{"@id":"https:\/\/www.pletex.cz\/sk\/panske-cepice\/#primaryimage"},"image":{"@id":"https:\/\/www.pletex.cz\/sk\/panske-cepice\/#primaryimage"},"thumbnailUrl":"https:\/\/www.pletex.cz\/wp-content\/uploads\/2020\/03\/M520_IMG_9743_2020-e1584704467501.jpg","datePublished":"2015-04-27T08:15:26+00:00","dateModified":"2020-07-31T09:30:33+00:00","description":"Vyberte si nov\u00e9 p\u00e1nsk\u00e9 \u010depice \u010desk\u00e9ho v\u00fdrobce - PLETEX. V\u0161e v origin\u00e1ln\u00edm proveden\u00ed a nejvy\u0161\u0161\u00ed kvalit\u011b. V nab\u00eddce m\u00e1me volno\u010dasov\u00e9 i sportovn\u00ed \u010depice.","breadcrumb":{"@id":"https:\/\/www.pletex.cz\/sk\/panske-cepice\/#breadcrumb"},"inLanguage":"sk-SK","potentialAction":[{"@type":"ReadAction","target":["https:\/\/www.pletex.cz\/sk\/panske-cepice\/"]}]},{"@type":"ImageObject","inLanguage":"sk-SK","@id":"https:\/\/www.pletex.cz\/sk\/panske-cepice\/#primaryimage","url":"https:\/\/www.pletex.cz\/wp-content\/uploads\/2020\/03\/M520_IMG_9743_2020-e1584704467501.jpg","contentUrl":"https:\/\/www.pletex.cz\/wp-content\/uploads\/2020\/03\/M520_IMG_9743_2020-e1584704467501.jpg","width":1536,"height":1536},{"@type":"BreadcrumbList","@id":"https:\/\/www.pletex.cz\/sk\/panske-cepice\/#breadcrumb","itemListElement":[{"@type":"ListItem","position":1,"name":"Dom\u016f","item":"https:\/\/www.pletex.cz\/sk\/"},{"@type":"ListItem","position":2,"name":"P\u00e1nske \u010diapky"}]},{"@type":"WebSite","@id":"https:\/\/www.pletex.cz\/sk\/#website","url":"https:\/\/www.pletex.cz\/sk\/","name":"Pletex","description":"Dal\u0161\u00ed web pou\u017e\u00edvaj\u00edc\u00ed WordPress","potentialAction":[{"@type":"SearchAction","target":{"@type":"EntryPoint","urlTemplate":"https:\/\/www.pletex.cz\/sk\/?s={search_term_string}"},"query-input":{"@type":"PropertyValueSpecification","valueRequired":true,"valueName":"search_term_string"}}],"inLanguage":"sk-SK"}]}},"_links":{"self":[{"href":"https:\/\/www.pletex.cz\/sk\/wp-json\/wp\/v2\/pages\/893","targetHints":{"allow":["GET"]}}],"collection":[{"href":"https:\/\/www.pletex.cz\/sk\/wp-json\/wp\/v2\/pages"}],"about":[{"href":"https:\/\/www.pletex.cz\/sk\/wp-json\/wp\/v2\/types\/page"}],"author":[{"embeddable":true,"href":"https:\/\/www.pletex.cz\/sk\/wp-json\/wp\/v2\/users\/1"}],"replies":[{"embeddable":true,"href":"https:\/\/www.pletex.cz\/sk\/wp-json\/wp\/v2\/comments?post=893"}],"version-history":[{"count":1,"href":"https:\/\/www.pletex.cz\/sk\/wp-json\/wp\/v2\/pages\/893\/revisions"}],"predecessor-version":[{"id":988,"href":"https:\/\/www.pletex.cz\/sk\/wp-json\/wp\/v2\/pages\/893\/revisions\/988"}],"wp:featuredmedia":[{"embeddable":true,"href":"https:\/\/www.pletex.cz\/sk\/wp-json\/wp\/v2\/media\/895"}],"wp:attachment":[{"href":"https:\/\/www.pletex.cz\/sk\/wp-json\/wp\/v2\/media?parent=893"}],"curies":[{"name":"wp","href":"https:\/\/api.w.org\/{rel}","templated":true}]}}