{"id":896,"date":"2015-04-27T08:15:13","date_gmt":"2015-04-27T08:15:13","guid":{"rendered":"https:\/\/www.pletex.cz\/damske-cepice\/"},"modified":"2024-03-04T09:18:50","modified_gmt":"2024-03-04T09:18:50","slug":"damske-cepice","status":"publish","type":"page","link":"https:\/\/www.pletex.cz\/sk\/damske-cepice\/","title":{"rendered":"D\u00e1mske \u010diapky"},"content":{"rendered":"<h4>Pleten\u00e9 d\u00e1msk\u00e9 \u010depice<\/h4>\n<p>jsou velmi obl\u00edbenou \u010d\u00e1st\u00ed na\u0161\u00ed nab\u00eddky. Neust\u00e1le sledujeme m\u00f3dn\u00ed trendy, kter\u00e9 zapracov\u00e1v\u00e1me do nab\u00eddky d\u00e1msk\u00fdch pokr\u00fdvek hlavy.<\/p>\n<p>V nab\u00eddce d\u00e1msk\u00fdch \u010depic jsou zastoupeny v posledn\u00ed dob\u011b\u00a0velmi \u017e\u00e1dan\u00e9 pleten\u00e9 \u010depice ze <strong>siln\u00fdch p\u0159\u00edz\u00ed<\/strong>. Velmi obl\u00edben\u00e9 jsou tak\u00e9 r\u016fzn\u00e9 <strong>pleten\u00e9 klobouky a k\u0161iltovky<\/strong>.<\/p>\n<p>Sportovn\u011bji zalo\u017een\u00e9\u00a0\u017eeny si vyberou tak\u00e9 z na\u0161ich\u00a0<strong>sportovn\u00edch \u010depic<\/strong>\u00a0vyroben\u00fdch z funk\u010dn\u00edch materi\u00e1l\u016f.<\/p>\n<p>V na\u0161em <a href=\"https:\/\/www.pletex.cz\/sk\/katalog\" target=\"_blank\" rel=\"noopener\">katalogu<\/a> tak\u00e9 najdete pleten\u00e9 d\u00e1msk\u00e9 <strong>\u010depice s bambul\u00ed<\/strong>. M\u00e1me v nab\u00eddce i velmi obl\u00edben\u00e9 <strong>um\u011bl\u00e9 ko\u017ee\u0161inov\u00e9 bambule<\/strong>. Nov\u011b i v pastelov\u00fdch barv\u00e1ch.<\/p>\n<p>Za d\u00e1msk\u00e9 \u010depice se daj\u00ed pova\u017eovat i <a href=\"https:\/\/www.pletex.cz\/sk\/detske-cepice\/\">\u010depice pro star\u0161\u00ed d\u011bv\u010data<\/a>. Jsou velmi pru\u017en\u00e9 l\u00edb\u00ed se i dosp\u011bl\u00fdm.<\/p>\n<hr \/>\n","protected":false},"excerpt":{"rendered":"<p>Pleten\u00e9 d\u00e1msk\u00e9 \u010depice jsou velmi obl\u00edbenou \u010d\u00e1st\u00ed na\u0161\u00ed nab\u00eddky. Neust\u00e1le sledujeme m\u00f3dn\u00ed trendy, kter\u00e9 zapracov\u00e1v\u00e1me do nab\u00eddky d\u00e1msk\u00fdch pokr\u00fdvek hlavy. V nab\u00eddce d\u00e1msk\u00fdch \u010depic jsou zastoupeny v posledn\u00ed dob\u011b\u00a0velmi \u017e\u00e1dan\u00e9 pleten\u00e9 \u010depice ze siln\u00fdch p\u0159\u00edz\u00ed. Velmi obl\u00edben\u00e9 jsou tak\u00e9 r\u016fzn\u00e9 &hellip; <a href=\"https:\/\/www.pletex.cz\/sk\/damske-cepice\/\">Pokra\u010dova\u0165<\/a><\/p>\n","protected":false},"author":1,"featured_media":898,"parent":0,"menu_order":2,"comment_status":"closed","ping_status":"open","template":"templates\/cepice.php","meta":{"footnotes":""},"class_list":["post-896","page","type-page","status-publish","has-post-thumbnail","hentry"],"acf":[],"yoast_head":"<!-- This site is optimized with the Yoast SEO plugin v24.6 - https:\/\/yoast.com\/wordpress\/plugins\/seo\/ -->\n<title>D\u00e1msk\u00e9 \u010depice - PLETEX T\u0159eb\u00ed\u010d<\/title>\n<meta name=\"description\" content=\"Tradi\u010dn\u00ed \u010desk\u00fd v\u00fdrobce PLETEX T\u0159eb\u00ed\u010d pro V\u00e1s p\u0159ipravil nov\u00e9 pleten\u00e9 d\u00e1msk\u00e9 \u010depice. V\u0161e v origin\u00e1ln\u00edm proveden\u00ed a nejvy\u0161\u0161\u00ed kvalit\u011b. Ka\u017edoro\u010dn\u011b nov\u00e1 kolekce.\" \/>\n<meta name=\"robots\" content=\"index, follow, max-snippet:-1, max-image-preview:large, max-video-preview:-1\" \/>\n<link rel=\"canonical\" href=\"https:\/\/www.pletex.cz\/sk\/damske-cepice\/\" \/>\n<meta property=\"og:locale\" content=\"sk_SK\" \/>\n<meta property=\"og:type\" content=\"article\" \/>\n<meta property=\"og:title\" content=\"D\u00e1msk\u00e9 \u010depice PLETEX\" \/>\n<meta property=\"og:description\" content=\"Tradi\u010dn\u00ed \u010desk\u00fd v\u00fdrobce PLETEX T\u0159eb\u00ed\u010d pro V\u00e1s p\u0159ipravil nov\u00e9 pleten\u00e9 d\u00e1msk\u00e9 \u010depice. V\u0161e v origin\u00e1ln\u00edm proveden\u00ed a nejvy\u0161\u0161\u00ed kvalit\u011b. Ka\u017edoro\u010dn\u011b nov\u00e1 kolekce.\" \/>\n<meta property=\"og:url\" content=\"https:\/\/www.pletex.cz\/sk\/damske-cepice\/\" \/>\n<meta property=\"og:site_name\" content=\"Pletex\" \/>\n<meta property=\"article:modified_time\" content=\"2024-03-04T09:18:50+00:00\" \/>\n<meta property=\"og:image\" content=\"https:\/\/www.pletex.cz\/wp-content\/uploads\/2020\/03\/propagace-16-e1584705397447.jpg\" \/>\n\t<meta property=\"og:image:width\" content=\"3236\" \/>\n\t<meta property=\"og:image:height\" content=\"3236\" \/>\n\t<meta property=\"og:image:type\" content=\"image\/jpeg\" \/>\n<meta name=\"twitter:card\" content=\"summary_large_image\" \/>\n<meta name=\"twitter:label1\" content=\"Predpokladan\u00fd \u010das \u010d\u00edtania\" \/>\n\t<meta name=\"twitter:data1\" content=\"1 min\u00fata\" \/>\n<script type=\"application\/ld+json\" class=\"yoast-schema-graph\">{\"@context\":\"https:\/\/schema.org\",\"@graph\":[{\"@type\":\"WebPage\",\"@id\":\"https:\/\/www.pletex.cz\/sk\/damske-cepice\/\",\"url\":\"https:\/\/www.pletex.cz\/sk\/damske-cepice\/\",\"name\":\"D\u00e1msk\u00e9 \u010depice - PLETEX T\u0159eb\u00ed\u010d\",\"isPartOf\":{\"@id\":\"https:\/\/www.pletex.cz\/sk\/#website\"},\"primaryImageOfPage\":{\"@id\":\"https:\/\/www.pletex.cz\/sk\/damske-cepice\/#primaryimage\"},\"image\":{\"@id\":\"https:\/\/www.pletex.cz\/sk\/damske-cepice\/#primaryimage\"},\"thumbnailUrl\":\"https:\/\/www.pletex.cz\/wp-content\/uploads\/2020\/03\/propagace-16-e1584705397447.jpg\",\"datePublished\":\"2015-04-27T08:15:13+00:00\",\"dateModified\":\"2024-03-04T09:18:50+00:00\",\"description\":\"Tradi\u010dn\u00ed \u010desk\u00fd v\u00fdrobce PLETEX T\u0159eb\u00ed\u010d pro V\u00e1s p\u0159ipravil nov\u00e9 pleten\u00e9 d\u00e1msk\u00e9 \u010depice. V\u0161e v origin\u00e1ln\u00edm proveden\u00ed a nejvy\u0161\u0161\u00ed kvalit\u011b. Ka\u017edoro\u010dn\u011b nov\u00e1 kolekce.\",\"breadcrumb\":{\"@id\":\"https:\/\/www.pletex.cz\/sk\/damske-cepice\/#breadcrumb\"},\"inLanguage\":\"sk-SK\",\"potentialAction\":[{\"@type\":\"ReadAction\",\"target\":[\"https:\/\/www.pletex.cz\/sk\/damske-cepice\/\"]}]},{\"@type\":\"ImageObject\",\"inLanguage\":\"sk-SK\",\"@id\":\"https:\/\/www.pletex.cz\/sk\/damske-cepice\/#primaryimage\",\"url\":\"https:\/\/www.pletex.cz\/wp-content\/uploads\/2020\/03\/propagace-16-e1584705397447.jpg\",\"contentUrl\":\"https:\/\/www.pletex.cz\/wp-content\/uploads\/2020\/03\/propagace-16-e1584705397447.jpg\",\"width\":3236,\"height\":3236},{\"@type\":\"BreadcrumbList\",\"@id\":\"https:\/\/www.pletex.cz\/sk\/damske-cepice\/#breadcrumb\",\"itemListElement\":[{\"@type\":\"ListItem\",\"position\":1,\"name\":\"Dom\u016f\",\"item\":\"https:\/\/www.pletex.cz\/sk\/\"},{\"@type\":\"ListItem\",\"position\":2,\"name\":\"D\u00e1mske \u010diapky\"}]},{\"@type\":\"WebSite\",\"@id\":\"https:\/\/www.pletex.cz\/sk\/#website\",\"url\":\"https:\/\/www.pletex.cz\/sk\/\",\"name\":\"Pletex\",\"description\":\"Dal\u0161\u00ed web pou\u017e\u00edvaj\u00edc\u00ed WordPress\",\"potentialAction\":[{\"@type\":\"SearchAction\",\"target\":{\"@type\":\"EntryPoint\",\"urlTemplate\":\"https:\/\/www.pletex.cz\/sk\/?s={search_term_string}\"},\"query-input\":{\"@type\":\"PropertyValueSpecification\",\"valueRequired\":true,\"valueName\":\"search_term_string\"}}],\"inLanguage\":\"sk-SK\"}]}<\/script>\n<!-- \/ Yoast SEO plugin. -->","yoast_head_json":{"title":"D\u00e1msk\u00e9 \u010depice - PLETEX T\u0159eb\u00ed\u010d","description":"Tradi\u010dn\u00ed \u010desk\u00fd v\u00fdrobce PLETEX T\u0159eb\u00ed\u010d pro V\u00e1s p\u0159ipravil nov\u00e9 pleten\u00e9 d\u00e1msk\u00e9 \u010depice. V\u0161e v origin\u00e1ln\u00edm proveden\u00ed a nejvy\u0161\u0161\u00ed kvalit\u011b. Ka\u017edoro\u010dn\u011b nov\u00e1 kolekce.","robots":{"index":"index","follow":"follow","max-snippet":"max-snippet:-1","max-image-preview":"max-image-preview:large","max-video-preview":"max-video-preview:-1"},"canonical":"https:\/\/www.pletex.cz\/sk\/damske-cepice\/","og_locale":"sk_SK","og_type":"article","og_title":"D\u00e1msk\u00e9 \u010depice PLETEX","og_description":"Tradi\u010dn\u00ed \u010desk\u00fd v\u00fdrobce PLETEX T\u0159eb\u00ed\u010d pro V\u00e1s p\u0159ipravil nov\u00e9 pleten\u00e9 d\u00e1msk\u00e9 \u010depice. V\u0161e v origin\u00e1ln\u00edm proveden\u00ed a nejvy\u0161\u0161\u00ed kvalit\u011b. Ka\u017edoro\u010dn\u011b nov\u00e1 kolekce.","og_url":"https:\/\/www.pletex.cz\/sk\/damske-cepice\/","og_site_name":"Pletex","article_modified_time":"2024-03-04T09:18:50+00:00","og_image":[{"width":3236,"height":3236,"url":"https:\/\/www.pletex.cz\/wp-content\/uploads\/2020\/03\/propagace-16-e1584705397447.jpg","type":"image\/jpeg"}],"twitter_card":"summary_large_image","twitter_misc":{"Predpokladan\u00fd \u010das \u010d\u00edtania":"1 min\u00fata"},"schema":{"@context":"https:\/\/schema.org","@graph":[{"@type":"WebPage","@id":"https:\/\/www.pletex.cz\/sk\/damske-cepice\/","url":"https:\/\/www.pletex.cz\/sk\/damske-cepice\/","name":"D\u00e1msk\u00e9 \u010depice - PLETEX T\u0159eb\u00ed\u010d","isPartOf":{"@id":"https:\/\/www.pletex.cz\/sk\/#website"},"primaryImageOfPage":{"@id":"https:\/\/www.pletex.cz\/sk\/damske-cepice\/#primaryimage"},"image":{"@id":"https:\/\/www.pletex.cz\/sk\/damske-cepice\/#primaryimage"},"thumbnailUrl":"https:\/\/www.pletex.cz\/wp-content\/uploads\/2020\/03\/propagace-16-e1584705397447.jpg","datePublished":"2015-04-27T08:15:13+00:00","dateModified":"2024-03-04T09:18:50+00:00","description":"Tradi\u010dn\u00ed \u010desk\u00fd v\u00fdrobce PLETEX T\u0159eb\u00ed\u010d pro V\u00e1s p\u0159ipravil nov\u00e9 pleten\u00e9 d\u00e1msk\u00e9 \u010depice. V\u0161e v origin\u00e1ln\u00edm proveden\u00ed a nejvy\u0161\u0161\u00ed kvalit\u011b. Ka\u017edoro\u010dn\u011b nov\u00e1 kolekce.","breadcrumb":{"@id":"https:\/\/www.pletex.cz\/sk\/damske-cepice\/#breadcrumb"},"inLanguage":"sk-SK","potentialAction":[{"@type":"ReadAction","target":["https:\/\/www.pletex.cz\/sk\/damske-cepice\/"]}]},{"@type":"ImageObject","inLanguage":"sk-SK","@id":"https:\/\/www.pletex.cz\/sk\/damske-cepice\/#primaryimage","url":"https:\/\/www.pletex.cz\/wp-content\/uploads\/2020\/03\/propagace-16-e1584705397447.jpg","contentUrl":"https:\/\/www.pletex.cz\/wp-content\/uploads\/2020\/03\/propagace-16-e1584705397447.jpg","width":3236,"height":3236},{"@type":"BreadcrumbList","@id":"https:\/\/www.pletex.cz\/sk\/damske-cepice\/#breadcrumb","itemListElement":[{"@type":"ListItem","position":1,"name":"Dom\u016f","item":"https:\/\/www.pletex.cz\/sk\/"},{"@type":"ListItem","position":2,"name":"D\u00e1mske \u010diapky"}]},{"@type":"WebSite","@id":"https:\/\/www.pletex.cz\/sk\/#website","url":"https:\/\/www.pletex.cz\/sk\/","name":"Pletex","description":"Dal\u0161\u00ed web pou\u017e\u00edvaj\u00edc\u00ed WordPress","potentialAction":[{"@type":"SearchAction","target":{"@type":"EntryPoint","urlTemplate":"https:\/\/www.pletex.cz\/sk\/?s={search_term_string}"},"query-input":{"@type":"PropertyValueSpecification","valueRequired":true,"valueName":"search_term_string"}}],"inLanguage":"sk-SK"}]}},"_links":{"self":[{"href":"https:\/\/www.pletex.cz\/sk\/wp-json\/wp\/v2\/pages\/896","targetHints":{"allow":["GET"]}}],"collection":[{"href":"https:\/\/www.pletex.cz\/sk\/wp-json\/wp\/v2\/pages"}],"about":[{"href":"https:\/\/www.pletex.cz\/sk\/wp-json\/wp\/v2\/types\/page"}],"author":[{"embeddable":true,"href":"https:\/\/www.pletex.cz\/sk\/wp-json\/wp\/v2\/users\/1"}],"replies":[{"embeddable":true,"href":"https:\/\/www.pletex.cz\/sk\/wp-json\/wp\/v2\/comments?post=896"}],"version-history":[{"count":3,"href":"https:\/\/www.pletex.cz\/sk\/wp-json\/wp\/v2\/pages\/896\/revisions"}],"predecessor-version":[{"id":1144,"href":"https:\/\/www.pletex.cz\/sk\/wp-json\/wp\/v2\/pages\/896\/revisions\/1144"}],"wp:featuredmedia":[{"embeddable":true,"href":"https:\/\/www.pletex.cz\/sk\/wp-json\/wp\/v2\/media\/898"}],"wp:attachment":[{"href":"https:\/\/www.pletex.cz\/sk\/wp-json\/wp\/v2\/media?parent=896"}],"curies":[{"name":"wp","href":"https:\/\/api.w.org\/{rel}","templated":true}]}}