{"id":899,"date":"2015-04-16T07:35:30","date_gmt":"2015-04-16T07:35:30","guid":{"rendered":"https:\/\/www.pletex.cz\/home\/"},"modified":"2020-07-31T09:00:16","modified_gmt":"2020-07-31T09:00:16","slug":"home","status":"publish","type":"page","link":"https:\/\/www.pletex.cz\/sk\/","title":{"rendered":"Pleten\u00e9 \u010diapky \u2022 \u0161\u00e1ly \u2022 \u010delenky \u2022 rukavice"},"content":{"rendered":"<p>Predstavujeme V\u00e1m na\u0161u najnov\u0161iu kolekciu obsahuj\u00facu <strong>origin\u00e1lne pleten\u00e9 \u010diapky, \u0161\u00e1ly, \u010delenky, rukavice a r\u00f4zne pleten\u00e9 doplnky<\/strong>. V\u0161etko v mnoh\u00fdch farebn\u00fdch kombin\u00e1ci\u00e1ch a ve\u013ekostiach.<\/p>\n<h4>Pleten\u00e9 \u010diapky vyr\u00e1bame u\u017e od roku 1993.<\/h4>\n<p>Sme <strong>v\u00fdrobcovia<\/strong>. V\u0161etok tovar pripravujeme v na\u0161ej pletiarni v T\u0159eb\u00ed\u010di. Pou\u017e\u00edvame kvalitn\u00e9 certifikovan\u00e9 materi\u00e1ly a\u00a0najnov\u0161ie technol\u00f3gie. Rob\u00edme v\u0161etko pre to, aby ste sa v na\u0161ich \u010diapkach c\u00edtili komfortne a elegantne.<\/p>\n<hr \/>\n<p>H\u013ead\u00e1te zauj\u00edmav\u00fd<strong>\u00a0tovar pre V\u00e1\u0161 obchod<\/strong>?<br \/>\nChcete si necha\u0165\u00a0<strong>vyrobi\u0165 \u010diapky alebo \u0161\u00e1ly<\/strong> pre Va\u0161u firmu \u010di \u0161portov\u00fd klub?<br \/>\nAlebo si chcete<strong> k\u00fapi\u0165 cez\u00a0<a href=\"https:\/\/www.kulichy.cz\" target=\"_blank\" rel=\"noopener\">e-shop<\/a> jednu jedin\u00fa \u010diapku<\/strong> pre seba?<\/p>\n<h4><strong>Potom ste na spr\u00e1vnych str\u00e1nkach. Presved\u010dte sa!<\/strong><\/h4>\n","protected":false},"excerpt":{"rendered":"<p>Predstavujeme V\u00e1m na\u0161u najnov\u0161iu kolekciu obsahuj\u00facu origin\u00e1lne pleten\u00e9 \u010diapky, \u0161\u00e1ly, \u010delenky, rukavice a r\u00f4zne pleten\u00e9 doplnky. V\u0161etko v mnoh\u00fdch farebn\u00fdch kombin\u00e1ci\u00e1ch a ve\u013ekostiach. Pleten\u00e9 \u010diapky vyr\u00e1bame u\u017e od roku 1993. Sme v\u00fdrobcovia. V\u0161etok tovar pripravujeme v na\u0161ej pletiarni v T\u0159eb\u00ed\u010di. &hellip; <a href=\"https:\/\/www.pletex.cz\/sk\/\">Pokra\u010dova\u0165<\/a><\/p>\n","protected":false},"author":1,"featured_media":0,"parent":0,"menu_order":-1,"comment_status":"closed","ping_status":"open","template":"","meta":{"footnotes":""},"class_list":["post-899","page","type-page","status-publish","hentry"],"acf":[],"yoast_head":"<!-- This site is optimized with the Yoast SEO plugin v24.6 - https:\/\/yoast.com\/wordpress\/plugins\/seo\/ -->\n<title>Pleten\u00e9 \u010diapky \u2022 \u0161\u00e1ly \u2022 \u010delenky \u2022 rukavice - Pletex<\/title>\n<meta name=\"description\" content=\"Vyr\u00e1b\u00edme pleten\u00e9 \u010depice, \u0161\u00e1ly, \u010delenky a r\u016fzn\u00e9 pleten\u00e9 dopl\u0148ky. V\u00fdroba i na zak\u00e1zku pod zna\u010dkou z\u00e1kazn\u00edka. Tradi\u010dn\u00ed kvalita za v\u00fdhodn\u00e9 ceny.\" \/>\n<meta name=\"robots\" content=\"index, follow, max-snippet:-1, max-image-preview:large, max-video-preview:-1\" \/>\n<link rel=\"canonical\" href=\"https:\/\/www.pletex.cz\/sk\/\" \/>\n<meta property=\"og:locale\" content=\"sk_SK\" \/>\n<meta property=\"og:type\" content=\"article\" \/>\n<meta property=\"og:title\" content=\"Pleten\u00e9 \u010diapky \u2022 \u0161\u00e1ly \u2022 \u010delenky \u2022 rukavice - Pletex\" \/>\n<meta property=\"og:description\" content=\"Vyr\u00e1b\u00edme pleten\u00e9 \u010depice, \u0161\u00e1ly, \u010delenky a r\u016fzn\u00e9 pleten\u00e9 dopl\u0148ky. V\u00fdroba i na zak\u00e1zku pod zna\u010dkou z\u00e1kazn\u00edka. Tradi\u010dn\u00ed kvalita za v\u00fdhodn\u00e9 ceny.\" \/>\n<meta property=\"og:url\" content=\"https:\/\/www.pletex.cz\/sk\/\" \/>\n<meta property=\"og:site_name\" content=\"Pletex\" \/>\n<meta property=\"article:modified_time\" content=\"2020-07-31T09:00:16+00:00\" \/>\n<meta name=\"twitter:card\" content=\"summary_large_image\" \/>\n<meta name=\"twitter:label1\" content=\"Predpokladan\u00fd \u010das \u010d\u00edtania\" \/>\n\t<meta name=\"twitter:data1\" content=\"1 min\u00fata\" \/>\n<script type=\"application\/ld+json\" class=\"yoast-schema-graph\">{\"@context\":\"https:\/\/schema.org\",\"@graph\":[{\"@type\":\"WebPage\",\"@id\":\"https:\/\/www.pletex.cz\/sk\/\",\"url\":\"https:\/\/www.pletex.cz\/sk\/\",\"name\":\"Pleten\u00e9 \u010diapky \u2022 \u0161\u00e1ly \u2022 \u010delenky \u2022 rukavice - Pletex\",\"isPartOf\":{\"@id\":\"https:\/\/www.pletex.cz\/sk\/#website\"},\"datePublished\":\"2015-04-16T07:35:30+00:00\",\"dateModified\":\"2020-07-31T09:00:16+00:00\",\"description\":\"Vyr\u00e1b\u00edme pleten\u00e9 \u010depice, \u0161\u00e1ly, \u010delenky a r\u016fzn\u00e9 pleten\u00e9 dopl\u0148ky. V\u00fdroba i na zak\u00e1zku pod zna\u010dkou z\u00e1kazn\u00edka. Tradi\u010dn\u00ed kvalita za v\u00fdhodn\u00e9 ceny.\",\"breadcrumb\":{\"@id\":\"https:\/\/www.pletex.cz\/sk\/#breadcrumb\"},\"inLanguage\":\"sk-SK\",\"potentialAction\":[{\"@type\":\"ReadAction\",\"target\":[\"https:\/\/www.pletex.cz\/sk\/\"]}]},{\"@type\":\"BreadcrumbList\",\"@id\":\"https:\/\/www.pletex.cz\/sk\/#breadcrumb\",\"itemListElement\":[{\"@type\":\"ListItem\",\"position\":1,\"name\":\"Dom\u016f\",\"item\":\"https:\/\/www.pletex.cz\/sk\/\"},{\"@type\":\"ListItem\",\"position\":2,\"name\":\"Pleten\u00e9 \u010diapky \u2022 \u0161\u00e1ly \u2022 \u010delenky \u2022 rukavice\"}]},{\"@type\":\"WebSite\",\"@id\":\"https:\/\/www.pletex.cz\/sk\/#website\",\"url\":\"https:\/\/www.pletex.cz\/sk\/\",\"name\":\"Pletex\",\"description\":\"Dal\u0161\u00ed web pou\u017e\u00edvaj\u00edc\u00ed WordPress\",\"potentialAction\":[{\"@type\":\"SearchAction\",\"target\":{\"@type\":\"EntryPoint\",\"urlTemplate\":\"https:\/\/www.pletex.cz\/sk\/?s={search_term_string}\"},\"query-input\":{\"@type\":\"PropertyValueSpecification\",\"valueRequired\":true,\"valueName\":\"search_term_string\"}}],\"inLanguage\":\"sk-SK\"}]}<\/script>\n<!-- \/ Yoast SEO plugin. -->","yoast_head_json":{"title":"Pleten\u00e9 \u010diapky \u2022 \u0161\u00e1ly \u2022 \u010delenky \u2022 rukavice - Pletex","description":"Vyr\u00e1b\u00edme pleten\u00e9 \u010depice, \u0161\u00e1ly, \u010delenky a r\u016fzn\u00e9 pleten\u00e9 dopl\u0148ky. V\u00fdroba i na zak\u00e1zku pod zna\u010dkou z\u00e1kazn\u00edka. Tradi\u010dn\u00ed kvalita za v\u00fdhodn\u00e9 ceny.","robots":{"index":"index","follow":"follow","max-snippet":"max-snippet:-1","max-image-preview":"max-image-preview:large","max-video-preview":"max-video-preview:-1"},"canonical":"https:\/\/www.pletex.cz\/sk\/","og_locale":"sk_SK","og_type":"article","og_title":"Pleten\u00e9 \u010diapky \u2022 \u0161\u00e1ly \u2022 \u010delenky \u2022 rukavice - Pletex","og_description":"Vyr\u00e1b\u00edme pleten\u00e9 \u010depice, \u0161\u00e1ly, \u010delenky a r\u016fzn\u00e9 pleten\u00e9 dopl\u0148ky. V\u00fdroba i na zak\u00e1zku pod zna\u010dkou z\u00e1kazn\u00edka. Tradi\u010dn\u00ed kvalita za v\u00fdhodn\u00e9 ceny.","og_url":"https:\/\/www.pletex.cz\/sk\/","og_site_name":"Pletex","article_modified_time":"2020-07-31T09:00:16+00:00","twitter_card":"summary_large_image","twitter_misc":{"Predpokladan\u00fd \u010das \u010d\u00edtania":"1 min\u00fata"},"schema":{"@context":"https:\/\/schema.org","@graph":[{"@type":"WebPage","@id":"https:\/\/www.pletex.cz\/sk\/","url":"https:\/\/www.pletex.cz\/sk\/","name":"Pleten\u00e9 \u010diapky \u2022 \u0161\u00e1ly \u2022 \u010delenky \u2022 rukavice - Pletex","isPartOf":{"@id":"https:\/\/www.pletex.cz\/sk\/#website"},"datePublished":"2015-04-16T07:35:30+00:00","dateModified":"2020-07-31T09:00:16+00:00","description":"Vyr\u00e1b\u00edme pleten\u00e9 \u010depice, \u0161\u00e1ly, \u010delenky a r\u016fzn\u00e9 pleten\u00e9 dopl\u0148ky. V\u00fdroba i na zak\u00e1zku pod zna\u010dkou z\u00e1kazn\u00edka. Tradi\u010dn\u00ed kvalita za v\u00fdhodn\u00e9 ceny.","breadcrumb":{"@id":"https:\/\/www.pletex.cz\/sk\/#breadcrumb"},"inLanguage":"sk-SK","potentialAction":[{"@type":"ReadAction","target":["https:\/\/www.pletex.cz\/sk\/"]}]},{"@type":"BreadcrumbList","@id":"https:\/\/www.pletex.cz\/sk\/#breadcrumb","itemListElement":[{"@type":"ListItem","position":1,"name":"Dom\u016f","item":"https:\/\/www.pletex.cz\/sk\/"},{"@type":"ListItem","position":2,"name":"Pleten\u00e9 \u010diapky \u2022 \u0161\u00e1ly \u2022 \u010delenky \u2022 rukavice"}]},{"@type":"WebSite","@id":"https:\/\/www.pletex.cz\/sk\/#website","url":"https:\/\/www.pletex.cz\/sk\/","name":"Pletex","description":"Dal\u0161\u00ed web pou\u017e\u00edvaj\u00edc\u00ed WordPress","potentialAction":[{"@type":"SearchAction","target":{"@type":"EntryPoint","urlTemplate":"https:\/\/www.pletex.cz\/sk\/?s={search_term_string}"},"query-input":{"@type":"PropertyValueSpecification","valueRequired":true,"valueName":"search_term_string"}}],"inLanguage":"sk-SK"}]}},"_links":{"self":[{"href":"https:\/\/www.pletex.cz\/sk\/wp-json\/wp\/v2\/pages\/899","targetHints":{"allow":["GET"]}}],"collection":[{"href":"https:\/\/www.pletex.cz\/sk\/wp-json\/wp\/v2\/pages"}],"about":[{"href":"https:\/\/www.pletex.cz\/sk\/wp-json\/wp\/v2\/types\/page"}],"author":[{"embeddable":true,"href":"https:\/\/www.pletex.cz\/sk\/wp-json\/wp\/v2\/users\/1"}],"replies":[{"embeddable":true,"href":"https:\/\/www.pletex.cz\/sk\/wp-json\/wp\/v2\/comments?post=899"}],"version-history":[{"count":1,"href":"https:\/\/www.pletex.cz\/sk\/wp-json\/wp\/v2\/pages\/899\/revisions"}],"predecessor-version":[{"id":981,"href":"https:\/\/www.pletex.cz\/sk\/wp-json\/wp\/v2\/pages\/899\/revisions\/981"}],"wp:attachment":[{"href":"https:\/\/www.pletex.cz\/sk\/wp-json\/wp\/v2\/media?parent=899"}],"curies":[{"name":"wp","href":"https:\/\/api.w.org\/{rel}","templated":true}]}}